{"id":1307,"date":"2021-02-01T20:24:39","date_gmt":"2021-02-01T20:24:39","guid":{"rendered":"http:\/\/ledr-ingenieria.com\/new\/politica-privacidad\/"},"modified":"2021-05-31T13:41:24","modified_gmt":"2021-05-31T13:41:24","slug":"politica-privacidad","status":"publish","type":"page","link":"https:\/\/ledr-ingenieria.com\/ca\/politica-privacidad\/","title":{"rendered":"Pol\u00edtica de privacitat"},"content":{"rendered":"<div class=\"wpb-content-wrapper\"><p>[vc_row][vc_column][vc_column_text]<\/p>\n<h3>Introducci\u00f3<\/h3>\n<p>El dret a la intimitat, i en concret el dret a la protecci\u00f3 de dades personals \u00e9s un dels valors de LEDR Ingenieria i Serveis S.L. (En endavant, LEDR).<\/p>\n<p>L&#8217;objectiu d&#8217;aquesta pol\u00edtica \u00e9s explicar com LEDR tractar\u00e0 les dades personals que puguin ser recollides a trav\u00e9s dels diferents formularis que puguin trobar-se en el lloc web de LEDR. Les seves dades personals seran tractades de forma confidencial i nom\u00e9s per a aquelles finalitats que heu consentit, tal com s&#8217;explica a continuaci\u00f3 en la present Pol\u00edtica General de Privadesa i en cadascuna de les pol\u00edtiques de privacitat dels diferents formularis.<\/p>\n<p>&nbsp;<\/p>\n<h3>Comprom\u00eds amb la privacitat<\/h3>\n<p>LEDR est\u00e0 plenament comprom\u00e8s amb el compliment de la normativa i Reglament General de Protecci\u00f3 de Dades de la Uni\u00f3 Europea i la normativa relativa a la protecci\u00f3 de dades de car\u00e0cter personal vigent en cada moment.<\/p>\n<p>Per aix\u00f2, LEDR ha pres la determinaci\u00f3 d&#8217;implementar els seg\u00fcents principis, sent la privacitat la base en la qual es configuren tots els tractaments:<\/p>\n<ul>\n<li>La transpar\u00e8ncia en el tractament de dades \u00e9s una de les nostres prioritats, de manera que sempre que captem dades personals sobre vost\u00e8, li informarem degudament en la pol\u00edtica de privacitat corresponent de les finalitats d&#8217;aquest tractament.<\/li>\n<li>Sempre tractarem les dades que siguin estrictament necess\u00e0ries per dur a terme el tractament informat.<\/li>\n<li>Mai li obligarem a proporcionar dades personals, llevat que realment siguin necessaris per prestar-li el servei que, si s&#8217;escau ens sol\u00b7liciti.<\/li>\n<li>Sempre que ens sigui possible, posarem a la seva disposici\u00f3 mitjans senzills perqu\u00e8 pugui controlar les seves dades personals.<\/li>\n<li>No compartirem dades amb cap tercer, excepte aquells prove\u00efdors que ens presentin un servei, o amb aquells que, pr\u00e8viament, l&#8217;h\u00e0gim informat i ens hagi prestat el seu consentiment.<\/li>\n<\/ul>\n<p>&nbsp;<\/p>\n<h3>Finalitats dels tractaments<\/h3>\n<p>LEDR recull les seves dades personals per a poder gestionar les seves sol\u00b7licituds i oferir-li els serveis i productes que Vost\u00e8 pugui estar interessat. En concret tractem les seves dades personals amb les finalitats seg\u00fcents:<\/p>\n<ol>\n<li>Poder atendre les seves consultes, preguntes o sol\u00b7licituds realitzades a trav\u00e9s dels canals d&#8217;atenci\u00f3 o comunicaci\u00f3 o premsa identificats a cada p\u00e0gina web i posar-nos en contacte amb vost\u00e8 per solucionar-les.<\/li>\n<li>Per millorar la nostra p\u00e0gina web, serveis, productes, i oferir un millor servei i contingut.<\/li>\n<li>Per oferir acc\u00e9s als espais restringits de la nostra p\u00e0gina web (el registre pot exigir l&#8217;acceptaci\u00f3 d&#8217;una pol\u00edtica de privacitat espec\u00edfica).<\/li>\n<li>Facilitar-informaci\u00f3 en el cas que sigui client.<\/li>\n<li>Facilitar-informaci\u00f3 en cas que sigui distribu\u00efdor.<\/li>\n<li>Poder informar-te de les ofertes d&#8217;ocupaci\u00f3 que hi ha a la nostra empresa.<\/li>\n<\/ol>\n<p>En algunes ocasions pot ser necessari el tractament de les seves dades personals per a complir obligacions legals, o en relaci\u00f3 amb qualsevol relaci\u00f3 contractual que puguem tenir amb vost\u00e8.<\/p>\n<p>En els altres sup\u00f2sits, i sempre que sigui oport\u00fa, li demanarem el seu consentiment per tractar les seves dades personals.<\/p>\n<p>&nbsp;<\/p>\n<h3>Enviament de comunicacions comercials<\/h3>\n<p>LEDR, en el marc de la seva activitat promocional, pot facilitar-li recursos de registre o subscripci\u00f3 a not\u00edcies o informaci\u00f3 general o comercial de la companyia. Aquests recursos estaran sempre subjectes al seu consentiment per remetre.<\/p>\n<p>En el sup\u00f2sit que ens hagi autoritzat, LEDR li enviar\u00e0 informaci\u00f3 sobre els seus productes, activitats i serveis personalitzades d&#8217;acord amb els seus gustos i prefer\u00e8ncies.<\/p>\n<p>Podr\u00e0 revocar el seu consentiment a rebre comunicacions comercials en qualsevol moment, mitjan\u00e7ant el link o bot\u00f3 a l&#8217;efecte en cadascuna de les comunicacions, o comunicant la seva voluntat de revocar el consentiment a trav\u00e9s dels seg\u00fcents canals:<\/p>\n<p>(i). Correu electr\u00f2nic que haur\u00e0 de dirigir a l&#8217;adre\u00e7a info@ledr-ingenieria.com<\/p>\n<p>(ii). Correu postal dirigit a Can Noguera 15, Nau 9 Pol. Ind. El Barcelon\u00e8s 08630 Abrera (Barcelona)<\/p>\n<p>(iii). Formulari web a <a href=\"https:\/\/www.ledr-ingenieria.com\/contacto\"> www.ledr-ingenieria.com <\/a><\/p>\n<p>&nbsp;<\/p>\n<h3>Decisions Automatizadas i elaboraci\u00f3 de perfils<\/h3>\n<p>Per a alguns serveis, podem tractar les seves dades personals utilitzant mitjans automatitzats. Aix\u00f2 vol dir que determinades decisions es prenen de forma autom\u00e0tica sense intervenci\u00f3 humana. Per exemple, en el cas que tingui productes seleccionats, comunicacions informant-li que el producte segueix disponible.<\/p>\n<p>Altres tractaments que podem dur a terme, \u00e9s elaborar un perfil amb la finalitat de predir el seu comportament a la web, mostrant-li a la p\u00e0gina principal productes que puguin ser del seu inter\u00e8s, en base a les prefer\u00e8ncies que hagi demostrat mitjan\u00e7ant la seva navegaci\u00f3, o informaci\u00f3 obtinguda a trav\u00e9s de les cookies. Pot posar-se en contacte amb nosaltres a trav\u00e9s de l&#8217;adre\u00e7a <a href=\"mailto:info@ledr-ingeniria.com\"> info@ledr-ingenieria.com <\/a>.<\/p>\n<p>&nbsp;<\/p>\n<h3>Durada de l&#8217;tractament i termini de conservaci\u00f3<\/h3>\n<p>En LEDR tenim el comprom\u00eds de tractar les dades personals mentre realment ens siguin \u00fatils i puguem oferir-li un servei de qualitat mitjan\u00e7ant la seva explotaci\u00f3. Per aix\u00f2, farem tots els esfor\u00e7os oportuns i raonables per minimitzar el termini de tractament i conservaci\u00f3 de les dades personals.<\/p>\n<p>En aquest sentit, en cada formulari de captaci\u00f3 de dades l&#8217;informarem de el termini previst de tractament i \/ o conservaci\u00f3 de les seves dades de car\u00e0cter personal.<\/p>\n<p>En qualsevol cas, i encara que ens demani que eliminem les seves dades, podrem conservar-los i mantenir-los, sota el degut bloqueig, durant el termini necessari per complir les nostres obligacions legals i per a la seva posada a disposici\u00f3 de les autoritats amb compet\u00e8ncia en les diferents mat\u00e8ries que siguin d&#8217;aplicaci\u00f3.<\/p>\n<p>&nbsp;<\/p>\n<h3>Exercici de drets i reclamacions davant l&#8217;AEPD<\/h3>\n<p>Com a conseq\u00fc\u00e8ncia de l&#8217;tractament de les seves dades personals per part de LEDR, la legislaci\u00f3 vigent li atorga una s\u00e8rie de drets. A continuaci\u00f3, us oferim una explicaci\u00f3 resumida de cada dret, per facilitar el seu exercici:<\/p>\n<ol>\n<li><strong> Dret d&#8217;acc\u00e9s <\/strong>: Vost\u00e8 t\u00e9 dret a con\u00e8ixer les dades personals que tractem sobre vost\u00e8 i les finalitats amb qu\u00e8 els tractem.<\/li>\n<li><strong> Dret de rectificaci\u00f3 <\/strong>: Les seves dades sempre seran seus, i com a tal, pot sol\u00b7licitar-la rectificaci\u00f3 d&#8217;aquests en qualsevol moment si els que constaran en els nostres registres fossin erronis.<\/li>\n<li><strong> Dret de supressi\u00f3 <\/strong>: Es pot sol\u00b7licitar, en qualsevol moment, que les seves dades personals siguin suprimits dels nostres fitxers. No obstant aix\u00f2, i tal com vam indicar en l&#8217;apartat de conservaci\u00f3 de dades anterior, tingui en compte que, en determinades circumst\u00e0ncies, el compliment de la legislaci\u00f3 vigent pot impedir l&#8217;efectiu exercici d&#8217;aquest dret.<\/li>\n<li><strong> Dret d&#8217;oposici\u00f3: <\/strong> es pot oposar a l&#8217;tractament de les seves dades en relaci\u00f3 amb qualsevol de les finalitats amb qu\u00e8 tractem les seves dades, d&#8217;acord amb les pol\u00edtiques de privacitat aplicables en cada cas. &lt;\/Li &gt;<\/li>\n<li><strong> Dret de limitaci\u00f3 del tractament: <\/strong> podr\u00e0 sol\u00b7licitar la limitaci\u00f3 de l&#8217;tractament en els seg\u00fcents casos:<\/li>\n<\/ol>\n<p style=\"padding-left: 80px;\">a. Si considera que les dades que mantenim sobre tu no s\u00f3n correctes o exactes;<\/p>\n<p style=\"padding-left: 80px;\">b. Si, en cas que vost\u00e8 consideri que no estem tractant les seves dades de forma leg\u00edtima, per\u00f2 prefereix que limitem el tractament dels mateixos a la seva eliminaci\u00f3;<\/p>\n<p style=\"padding-left: 80px;\">c. Si les dades que mantenim ja no ens s\u00f3n necessaris d&#8217;acord amb la finalitat per als quals els demanem, per\u00f2 necessita que els conservem per a interposar reclamacions legals;<\/p>\n<p style=\"padding-left: 80px;\">d. Si, havent exercit el dret d&#8217;oposici\u00f3 a algun tractament, est\u00e0 pendent de resposta a l&#8217;respecte per la nostra part.<\/p>\n<ol start=\"6\">\n<li><strong> Dret a la portabilitat de les seves dades: <\/strong> Vost\u00e8 t\u00e9 dret a, sempre que sigui possible t\u00e8cnicament i sigui raonable, sol\u00b7licitar que les dades personals que vost\u00e8 ens hagi proporcionat directament siguin comunicades a un altre responsable de l&#8217;tractament . Si ens \u00e9s possible, facilitarem directament les seves dades a dit un altre responsable de l&#8217;tractament, per\u00f2 si no ho fos, se&#8217;ls facilitarem a Vost\u00e8 en un format est\u00e0ndard.<\/li>\n<\/ol>\n<p>Sempre que tractem les seves dades basant-se el consentiment, podr\u00e0 revocar-lo en qualsevol moment, sense que tingui conseq\u00fc\u00e8ncies per a Vost\u00e8 m\u00e9s enll\u00e0 de, segons el dret exercit, no poder prestar determinats serveis.<\/p>\n<p>L&#8217;exercici dels drets que ostenta podr\u00e0 fer-lo efectiu dirigint-se a LEDR a trav\u00e9s d&#8217;algun dels seg\u00fcents mitjans, acompanyant c\u00f2pia del seu DNI o document identificatiu equivalent:<\/p>\n<p>(i). Mitjan\u00e7ant correu electr\u00f2nic que haur\u00e0 de dirigir a l&#8217;adre\u00e7a info@ledr-ingenieria.com.<\/p>\n<p>(ii). Correu postal dirigit a Can Noguera 15, Nau 9 Pol. Ind. El Barcelon\u00e8s 08630 Abrera (Barcelona)<\/p>\n<p>En cas que no vulgui exercir un dret en concret i tingueu la necessitat de realitzar una consulta o suggeriment en relaci\u00f3 amb el tractament de les seves dades de car\u00e0cter personal tamb\u00e9 podr\u00e0 dirigir-se a les adreces facilitades per a l&#8217;exercici dels drets.<\/p>\n<p>Recordeu que sempre, en tot cas, podr\u00e0 presentar una reclamaci\u00f3 davant l&#8217;autoritat competent en mat\u00e8ria de protecci\u00f3 de dades si considera que no hem tractat les seves dades de forma l\u00edcita o que no hem at\u00e8s les seves sol\u00b7licituds o drets. A Espanya, aquesta autoritat competent \u00e9s l&#8217;Ag\u00e8ncia Espanyola de Protecci\u00f3 de Dades.<\/p>\n<p>&nbsp;<\/p>\n<h3>Confidencialitat i Seguretat en el tractament de dades<\/h3>\n<p>Les seves dades personals s\u00f3n molt importants per a nosaltres, i ens comprometem a tractar-los amb la m\u00e0xima confidencialitat i discreci\u00f3, aix\u00ed com a implementar totes les mesures de seguretat que considerem oportunes i raonables.<\/p>\n<p>En aquest sentit, LEDR declara i garanteix que ha establert tots els mitjans t\u00e8cnics al seu abast per evitar la p\u00e8rdua, mal \u00fas, alteraci\u00f3, acc\u00e9s no autoritzat i robatori de les dades facilitades pels usuaris.<\/p>\n<p>&nbsp;<\/p>\n<h3>Xarxes socials<\/h3>\n<p>Les Xarxes Socials formen part del dia a dia de molts usuaris d&#8217;Internet, i per a ells hem creat diferents perfils de LEDR en elles.<\/p>\n<p>Tots els usuaris tenen l&#8217;oportunitat d&#8217;unir-se a les p\u00e0gines o grups que LEDR tingui en les diferents xarxes socials.<\/p>\n<p>No obstant aix\u00f2, ha de tenir en compte que, llevat que li sol\u00b7licitem les seves dades directament (per exemple, mitjan\u00e7ant accions de m\u00e0rqueting, concursos, promocions, o qualsevol altra forma v\u00e0lida), les seves dades pertanyen a la Xarxa Social corresponent, pel que li recomanem que llegeixi detingudament les seves condicions d&#8217;\u00fas i pol\u00edtiques de privacitat, aix\u00ed com s&#8217;asseguri escollir les prefer\u00e8ncies pel que fa a el tractament de les dades.[\/vc_column_text][\/vc_column][\/vc_row]<\/p>\n<\/div>","protected":false},"excerpt":{"rendered":"[vc_row][vc_column][vc_column_text] Introducci\u00f3 El dret a la intimitat, i en concret el dret a la protecci\u00f3 de dades personals \u00e9s un dels valors de LEDR Ingenieria i Serveis S.L. (En endavant, LEDR). L&#8217;objectiu d&#8217;aquesta pol\u00edtica \u00e9s explicar com LEDR tractar\u00e0 les dades personals que puguin ser recollides a trav\u00e9s dels diferents formularis que puguin trobar-se en [&#8230;]","protected":false},"author":1,"featured_media":0,"parent":0,"menu_order":0,"comment_status":"closed","ping_status":"open","template":"","meta":{"footnotes":""},"class_list":["post-1307","page","type-page","status-publish","hentry"],"_links":{"self":[{"href":"https:\/\/ledr-ingenieria.com\/ca\/wp-json\/wp\/v2\/pages\/1307","targetHints":{"allow":["GET"]}}],"collection":[{"href":"https:\/\/ledr-ingenieria.com\/ca\/wp-json\/wp\/v2\/pages"}],"about":[{"href":"https:\/\/ledr-ingenieria.com\/ca\/wp-json\/wp\/v2\/types\/page"}],"author":[{"embeddable":true,"href":"https:\/\/ledr-ingenieria.com\/ca\/wp-json\/wp\/v2\/users\/1"}],"replies":[{"embeddable":true,"href":"https:\/\/ledr-ingenieria.com\/ca\/wp-json\/wp\/v2\/comments?post=1307"}],"version-history":[{"count":2,"href":"https:\/\/ledr-ingenieria.com\/ca\/wp-json\/wp\/v2\/pages\/1307\/revisions"}],"predecessor-version":[{"id":1309,"href":"https:\/\/ledr-ingenieria.com\/ca\/wp-json\/wp\/v2\/pages\/1307\/revisions\/1309"}],"wp:attachment":[{"href":"https:\/\/ledr-ingenieria.com\/ca\/wp-json\/wp\/v2\/media?parent=1307"}],"curies":[{"name":"wp","href":"https:\/\/api.w.org\/{rel}","templated":true}]}}