{"id":1435,"date":"2021-05-26T13:26:48","date_gmt":"2021-05-26T13:26:48","guid":{"rendered":"http:\/\/ledr-ingenieria.com\/new\/certificaciones\/"},"modified":"2021-06-04T12:01:49","modified_gmt":"2021-06-04T12:01:49","slug":"certificaciones","status":"publish","type":"page","link":"https:\/\/ledr-ingenieria.com\/ca\/certificaciones\/","title":{"rendered":"Certificacions"},"content":{"rendered":"<div class=\"wpb-content-wrapper\"><p>[vc_row overlay_dotted=&#8221;&#8221; css=&#8221;.vc_custom_1622035422948{padding-bottom: 10% !important;}&#8221;][vc_column width=&#8221;2\/12&#8243;][\/vc_column][vc_column width=&#8221;3\/12&#8243;][vc_single_image image=&#8221;1240&#8243; img_size=&#8221;full&#8221; alignment=&#8221;center&#8221; style=&#8221;vc_box_shadow&#8221; onclick=&#8221;custom_link&#8221; img_link_target=&#8221;_blank&#8221; link=&#8221;http:\/\/ledr-ingenieria.com\/wp-content\/uploads\/2021\/05\/ISO-9001-284813-2019-AQ-IBE-ENAC-1-es-ES-20210517-20210517204035.pdf&#8221;][vc_custom_heading text=&#8221;Certificat ISO 9001&#8243; font_container=&#8221;tag:h4|text_align:center&#8221; use_theme_fonts=&#8221;yes&#8221;][\/vc_column][vc_column width=&#8221;2\/12&#8243;][\/vc_column][vc_column width=&#8221;3\/12&#8243;][vc_single_image image=&#8221;1244&#8243; img_size=&#8221;full&#8221; alignment=&#8221;center&#8221; style=&#8221;vc_box_shadow&#8221; onclick=&#8221;custom_link&#8221; img_link_target=&#8221;_blank&#8221; link=&#8221;http:\/\/ledr-ingenieria.com\/wp-content\/uploads\/2021\/05\/ISO-14001-284812-2019-AE-IBE-ENAC-1-es-ES-20210517-20210517204337.pdf&#8221;][vc_custom_heading text=&#8221;Certificat ISO 14001&#8243; font_container=&#8221;tag:h4|text_align:center&#8221; use_theme_fonts=&#8221;yes&#8221;][\/vc_column][vc_column width=&#8221;2\/12&#8243;][\/vc_column][\/vc_row][vc_row full_width=&#8221;stretch_row_content_no_spaces&#8221; overlay_dotted=&#8221;&#8221; css=&#8221;.vc_custom_1622035603746{margin-bottom: 0px !important;padding-top: 8% !important;padding-bottom: 6% !important;background-color: #f7f7f7 !important;}&#8221;][vc_column]<section class=\"xrton-welcome wel_ajuste xrton-welcome-69deafee20b00\"><div class=\"container\"><div class=\"section-title-wrap\">\n          <h2 class=\"section-title\">LEDR, m\u00e9s de 20 anys d&#039;experi\u00e8ncia<\/h2>\n        <\/div><div class=\"welcome-info\">\n                  <p>Connectem l'experi\u00e8ncia a trav\u00e9s de serveis, mercats i geografies per oferir resultats transformadors. Dissenyem, constru\u00efm, operem i coordinem projectes que obren oportunitats, protegeixen el nostre medi ambient i milloren la vida de les persones.<\/p>\n              <div class=\"welcome-wrap\"><div class=\"owl-carousel\"  data-dots=\"false\" data-nav=\"false\" data-loop=\"true\" data-items=\"4\" data-margin=\"40\" data-mouse-drag=\"true\" data-items-tablet=\"3\" data-items-mobile-landscape=\"2\" data-items-mobile-portrait=\"1\"><div class=\"item\">\n                    <div class=\"welcome-item\">\n                      <div class=\"xrton-image\">\n                        <div class=\"xrton-table-wrap\">\n                          <div class=\"xrton-align-wrap\">\n                            <div class=\"\"><img decoding=\"async\" src=\"\" alt=\"\"\/><\/div>\n                          <\/div>\n                        <\/div>\n                      <\/div>\n                    <\/div>\n                  <\/div><\/div><\/div><\/div><\/div><\/section>[\/vc_column][\/vc_row]<\/p>\n<\/div>","protected":false},"excerpt":{"rendered":"[vc_row overlay_dotted=&#8221;&#8221; css=&#8221;.vc_custom_1622035422948{padding-bottom: 10% !important;}&#8221;][vc_column width=&#8221;2\/12&#8243;][\/vc_column][vc_column width=&#8221;3\/12&#8243;][vc_single_image image=&#8221;1240&#8243; img_size=&#8221;full&#8221; alignment=&#8221;center&#8221; style=&#8221;vc_box_shadow&#8221; onclick=&#8221;custom_link&#8221; img_link_target=&#8221;_blank&#8221; link=&#8221;http:\/\/ledr-ingenieria.com\/wp-content\/uploads\/2021\/05\/ISO-9001-284813-2019-AQ-IBE-ENAC-1-es-ES-20210517-20210517204035.pdf&#8221;][vc_custom_heading text=&#8221;Certificat ISO 9001&#8243; font_container=&#8221;tag:h4|text_align:center&#8221; use_theme_fonts=&#8221;yes&#8221;][\/vc_column][vc_column width=&#8221;2\/12&#8243;][\/vc_column][vc_column width=&#8221;3\/12&#8243;][vc_single_image image=&#8221;1244&#8243; img_size=&#8221;full&#8221; alignment=&#8221;center&#8221; style=&#8221;vc_box_shadow&#8221; onclick=&#8221;custom_link&#8221; img_link_target=&#8221;_blank&#8221; link=&#8221;http:\/\/ledr-ingenieria.com\/wp-content\/uploads\/2021\/05\/ISO-14001-284812-2019-AE-IBE-ENAC-1-es-ES-20210517-20210517204337.pdf&#8221;][vc_custom_heading text=&#8221;Certificat ISO 14001&#8243; font_container=&#8221;tag:h4|text_align:center&#8221; use_theme_fonts=&#8221;yes&#8221;][\/vc_column][vc_column width=&#8221;2\/12&#8243;][\/vc_column][\/vc_row][vc_row full_width=&#8221;stretch_row_content_no_spaces&#8221; overlay_dotted=&#8221;&#8221; css=&#8221;.vc_custom_1622035603746{margin-bottom: 0px !important;padding-top: 8% !important;padding-bottom: 6% !important;background-color: #f7f7f7 !important;}&#8221;][vc_column][\/vc_column][\/vc_row]","protected":false},"author":1,"featured_media":0,"parent":0,"menu_order":0,"comment_status":"closed","ping_status":"open","template":"","meta":{"footnotes":""},"class_list":["post-1435","page","type-page","status-publish","hentry"],"_links":{"self":[{"href":"https:\/\/ledr-ingenieria.com\/ca\/wp-json\/wp\/v2\/pages\/1435","targetHints":{"allow":["GET"]}}],"collection":[{"href":"https:\/\/ledr-ingenieria.com\/ca\/wp-json\/wp\/v2\/pages"}],"about":[{"href":"https:\/\/ledr-ingenieria.com\/ca\/wp-json\/wp\/v2\/types\/page"}],"author":[{"embeddable":true,"href":"https:\/\/ledr-ingenieria.com\/ca\/wp-json\/wp\/v2\/users\/1"}],"replies":[{"embeddable":true,"href":"https:\/\/ledr-ingenieria.com\/ca\/wp-json\/wp\/v2\/comments?post=1435"}],"version-history":[{"count":1,"href":"https:\/\/ledr-ingenieria.com\/ca\/wp-json\/wp\/v2\/pages\/1435\/revisions"}],"predecessor-version":[{"id":1436,"href":"https:\/\/ledr-ingenieria.com\/ca\/wp-json\/wp\/v2\/pages\/1435\/revisions\/1436"}],"wp:attachment":[{"href":"https:\/\/ledr-ingenieria.com\/ca\/wp-json\/wp\/v2\/media?parent=1435"}],"curies":[{"name":"wp","href":"https:\/\/api.w.org\/{rel}","templated":true}]}}