{"id":1465,"date":"2021-03-10T14:55:52","date_gmt":"2021-03-10T14:55:52","guid":{"rendered":"http:\/\/ledr-ingenieria.com\/new\/quimico\/"},"modified":"2021-06-04T13:42:38","modified_gmt":"2021-06-04T13:42:38","slug":"quimico","status":"publish","type":"page","link":"https:\/\/ledr-ingenieria.com\/ca\/sectores\/quimico\/","title":{"rendered":"Qu\u00edmic"},"content":{"rendered":"<div class=\"wpb-content-wrapper\"><p>[vc_row overlay_dotted=&#8221;&#8221; css=&#8221;.vc_custom_1548997454479{padding-bottom: 2% !important;}&#8221;][vc_column][vc_single_image image=&#8221;867&#8243; img_size=&#8221;full&#8221; alignment=&#8221;center&#8221;]<div class=\"section-title-wrap  xrton-stitle-69da13839eaf8-sector-quimic caption-left no-need-bg  \"><h2 class=\"section-title\">Sector qu\u00edmic<\/h2><\/div>[vc_column_text]Des de LEDR impulsem en el sector qu\u00edmic la Prevenci\u00f3 i seguretat: les empreses de manteniment tenim responsabilitats en seguretat, m\u00e9s encara en el sector qu\u00edmic i de processos on les normes s\u00f3n molt estrictes, per\u00f2 aconseguint mantenir el cost per seguir sent competitives.<\/p>\n<p>Per aix\u00f2 apostem per la Tecnologia en aquest sector: per millorar l&#8217;efici\u00e8ncia dels sistemes i tecnologies industrials cal augmentar el rendiment oferint un enfocament eficient en els plans de manteniment de les plantes.[\/vc_column_text][\/vc_column][\/vc_row]<\/p>\n<\/div>","protected":false},"excerpt":{"rendered":"[vc_row overlay_dotted=&#8221;&#8221; css=&#8221;.vc_custom_1548997454479{padding-bottom: 2% !important;}&#8221;][vc_column][vc_single_image image=&#8221;867&#8243; img_size=&#8221;full&#8221; alignment=&#8221;center&#8221;][vc_column_text]Des de LEDR impulsem en el sector qu\u00edmic la Prevenci\u00f3 i seguretat: les empreses de manteniment tenim responsabilitats en seguretat, m\u00e9s encara en el sector qu\u00edmic i de processos on les normes s\u00f3n molt estrictes, per\u00f2 aconseguint mantenir el cost per seguir sent competitives. Per aix\u00f2 apostem per [&#8230;]","protected":false},"author":1,"featured_media":0,"parent":1496,"menu_order":0,"comment_status":"closed","ping_status":"closed","template":"","meta":{"footnotes":""},"class_list":["post-1465","page","type-page","status-publish","hentry"],"_links":{"self":[{"href":"https:\/\/ledr-ingenieria.com\/ca\/wp-json\/wp\/v2\/pages\/1465","targetHints":{"allow":["GET"]}}],"collection":[{"href":"https:\/\/ledr-ingenieria.com\/ca\/wp-json\/wp\/v2\/pages"}],"about":[{"href":"https:\/\/ledr-ingenieria.com\/ca\/wp-json\/wp\/v2\/types\/page"}],"author":[{"embeddable":true,"href":"https:\/\/ledr-ingenieria.com\/ca\/wp-json\/wp\/v2\/users\/1"}],"replies":[{"embeddable":true,"href":"https:\/\/ledr-ingenieria.com\/ca\/wp-json\/wp\/v2\/comments?post=1465"}],"version-history":[{"count":1,"href":"https:\/\/ledr-ingenieria.com\/ca\/wp-json\/wp\/v2\/pages\/1465\/revisions"}],"predecessor-version":[{"id":1467,"href":"https:\/\/ledr-ingenieria.com\/ca\/wp-json\/wp\/v2\/pages\/1465\/revisions\/1467"}],"up":[{"embeddable":true,"href":"https:\/\/ledr-ingenieria.com\/ca\/wp-json\/wp\/v2\/pages\/1496"}],"wp:attachment":[{"href":"https:\/\/ledr-ingenieria.com\/ca\/wp-json\/wp\/v2\/media?parent=1465"}],"curies":[{"name":"wp","href":"https:\/\/api.w.org\/{rel}","templated":true}]}}