{"id":1469,"date":"2021-03-10T15:14:48","date_gmt":"2021-03-10T15:14:48","guid":{"rendered":"http:\/\/ledr-ingenieria.com\/new\/metalurgico\/"},"modified":"2021-06-04T13:43:44","modified_gmt":"2021-06-04T13:43:44","slug":"metalurgico","status":"publish","type":"page","link":"https:\/\/ledr-ingenieria.com\/ca\/sectores\/metalurgico\/","title":{"rendered":"Metal\u00b7l\u00fargic"},"content":{"rendered":"<div class=\"wpb-content-wrapper\"><p>[vc_row overlay_dotted=&#8221;&#8221; css=&#8221;.vc_custom_1548997454479{padding-bottom: 2% !important;}&#8221;][vc_column][vc_single_image image=&#8221;878&#8243; img_size=&#8221;full&#8221; alignment=&#8221;center&#8221;]<div class=\"section-title-wrap  xrton-stitle-69d998924a405-sector-metallurgic caption-left no-need-bg  \"><h2 class=\"section-title\">Sector metal\u00b7l\u00fargic<\/h2><\/div>[vc_column_text]<\/p>\n<p style=\"text-align: justify;\">LEDR \u00e9s especialista en l&#8217;aplicaci\u00f3 de pintura de protecci\u00f3 fins reparacions estructurals, suportaci\u00f3 de maquin\u00e0ria, de cobertes, de plataformes, fins i tot reformes parcials o totals d&#8217;instal\u00b7lacions constitueixen gaireb\u00e9 la totalitat de les nostres accions en aquest camp.<\/p>\n<p>[\/vc_column_text][\/vc_column][\/vc_row]<\/p>\n<\/div>","protected":false},"excerpt":{"rendered":"[vc_row overlay_dotted=&#8221;&#8221; css=&#8221;.vc_custom_1548997454479{padding-bottom: 2% !important;}&#8221;][vc_column][vc_single_image image=&#8221;878&#8243; img_size=&#8221;full&#8221; alignment=&#8221;center&#8221;][vc_column_text] LEDR \u00e9s especialista en l&#8217;aplicaci\u00f3 de pintura de protecci\u00f3 fins reparacions estructurals, suportaci\u00f3 de maquin\u00e0ria, de cobertes, de plataformes, fins i tot reformes parcials o totals d&#8217;instal\u00b7lacions constitueixen gaireb\u00e9 la totalitat de les nostres accions en aquest camp. [\/vc_column_text][\/vc_column][\/vc_row]","protected":false},"author":1,"featured_media":0,"parent":1496,"menu_order":0,"comment_status":"closed","ping_status":"closed","template":"","meta":{"footnotes":""},"class_list":["post-1469","page","type-page","status-publish","hentry"],"_links":{"self":[{"href":"https:\/\/ledr-ingenieria.com\/ca\/wp-json\/wp\/v2\/pages\/1469","targetHints":{"allow":["GET"]}}],"collection":[{"href":"https:\/\/ledr-ingenieria.com\/ca\/wp-json\/wp\/v2\/pages"}],"about":[{"href":"https:\/\/ledr-ingenieria.com\/ca\/wp-json\/wp\/v2\/types\/page"}],"author":[{"embeddable":true,"href":"https:\/\/ledr-ingenieria.com\/ca\/wp-json\/wp\/v2\/users\/1"}],"replies":[{"embeddable":true,"href":"https:\/\/ledr-ingenieria.com\/ca\/wp-json\/wp\/v2\/comments?post=1469"}],"version-history":[{"count":1,"href":"https:\/\/ledr-ingenieria.com\/ca\/wp-json\/wp\/v2\/pages\/1469\/revisions"}],"predecessor-version":[{"id":1470,"href":"https:\/\/ledr-ingenieria.com\/ca\/wp-json\/wp\/v2\/pages\/1469\/revisions\/1470"}],"up":[{"embeddable":true,"href":"https:\/\/ledr-ingenieria.com\/ca\/wp-json\/wp\/v2\/pages\/1496"}],"wp:attachment":[{"href":"https:\/\/ledr-ingenieria.com\/ca\/wp-json\/wp\/v2\/media?parent=1469"}],"curies":[{"name":"wp","href":"https:\/\/api.w.org\/{rel}","templated":true}]}}