{"id":1472,"date":"2021-03-10T15:11:47","date_gmt":"2021-03-10T15:11:47","guid":{"rendered":"http:\/\/ledr-ingenieria.com\/new\/logistico\/"},"modified":"2021-06-04T13:46:23","modified_gmt":"2021-06-04T13:46:23","slug":"logistico","status":"publish","type":"page","link":"https:\/\/ledr-ingenieria.com\/ca\/sectores\/logistico\/","title":{"rendered":"Log\u00edstic"},"content":{"rendered":"<div class=\"wpb-content-wrapper\"><p>[vc_row overlay_dotted=&#8221;&#8221; css=&#8221;.vc_custom_1548997454479{padding-bottom: 2% !important;}&#8221;][vc_column][vc_single_image image=&#8221;882&#8243; img_size=&#8221;full&#8221; alignment=&#8221;center&#8221;]<div class=\"section-title-wrap  xrton-stitle-69e479cd7be12-sector-logistic caption-left no-need-bg  \"><h2 class=\"section-title\">Sector Log\u00edstic<\/h2><\/div>[vc_column_text]<\/p>\n<p style=\"text-align: justify;\">Els serveis log\u00edstics de manteniment, reparaci\u00f3 i operacions estan enfocats als processos i productes auxiliars que donen suport a aquelles operacions internes que no estan identificades com a part del producte final ni estan en la mateixa definici\u00f3 de la marca. Parlem, per exemple, de consumibles, equips industrials, mobiliari, equips inform\u00e0tics, manteniment de transformadors, etc.<\/p>\n<p style=\"text-align: justify;\">Especialistes en:<\/p>\n<ul style=\"text-align: justify;\">\n<li>Reducci\u00f3n de los costes de transporte de entre el 20% y el 25%<\/li>\n<li>Millora de la productivitat d&#8217;entre el 15% i el 25%<\/li>\n<li>Reducci\u00f3 de la valor de l&#8217;inventari de fins al 25%<\/li>\n<li>Reducci\u00f3 dels costos d&#8217;emmagatzematge de fins al 25%<\/li>\n<li>Estalvis en el cost de l&#8217;aprovisionament d&#8217;entre el 10% i el 20%<\/li>\n<\/ul>\n<p style=\"text-align: justify;\">L&#8217;externalitzaci\u00f3 dels serveis log\u00edstics per a manteniment, reparaci\u00f3 i operacions associats a la cadena de subministrament \u00e9s una opci\u00f3 per la qual ja ha optat m\u00e9s del 30% de les empreses m\u00e9s importants del m\u00f3n.<\/p>\n<p>[\/vc_column_text][\/vc_column][\/vc_row]<\/p>\n<\/div>","protected":false},"excerpt":{"rendered":"[vc_row overlay_dotted=&#8221;&#8221; css=&#8221;.vc_custom_1548997454479{padding-bottom: 2% !important;}&#8221;][vc_column][vc_single_image image=&#8221;882&#8243; img_size=&#8221;full&#8221; alignment=&#8221;center&#8221;][vc_column_text] Els serveis log\u00edstics de manteniment, reparaci\u00f3 i operacions estan enfocats als processos i productes auxiliars que donen suport a aquelles operacions internes que no estan identificades com a part del producte final ni estan en la mateixa definici\u00f3 de la marca. Parlem, per exemple, de consumibles, equips [&#8230;]","protected":false},"author":1,"featured_media":0,"parent":1496,"menu_order":0,"comment_status":"closed","ping_status":"closed","template":"","meta":{"footnotes":""},"class_list":["post-1472","page","type-page","status-publish","hentry"],"_links":{"self":[{"href":"https:\/\/ledr-ingenieria.com\/ca\/wp-json\/wp\/v2\/pages\/1472","targetHints":{"allow":["GET"]}}],"collection":[{"href":"https:\/\/ledr-ingenieria.com\/ca\/wp-json\/wp\/v2\/pages"}],"about":[{"href":"https:\/\/ledr-ingenieria.com\/ca\/wp-json\/wp\/v2\/types\/page"}],"author":[{"embeddable":true,"href":"https:\/\/ledr-ingenieria.com\/ca\/wp-json\/wp\/v2\/users\/1"}],"replies":[{"embeddable":true,"href":"https:\/\/ledr-ingenieria.com\/ca\/wp-json\/wp\/v2\/comments?post=1472"}],"version-history":[{"count":2,"href":"https:\/\/ledr-ingenieria.com\/ca\/wp-json\/wp\/v2\/pages\/1472\/revisions"}],"predecessor-version":[{"id":1475,"href":"https:\/\/ledr-ingenieria.com\/ca\/wp-json\/wp\/v2\/pages\/1472\/revisions\/1475"}],"up":[{"embeddable":true,"href":"https:\/\/ledr-ingenieria.com\/ca\/wp-json\/wp\/v2\/pages\/1496"}],"wp:attachment":[{"href":"https:\/\/ledr-ingenieria.com\/ca\/wp-json\/wp\/v2\/media?parent=1472"}],"curies":[{"name":"wp","href":"https:\/\/api.w.org\/{rel}","templated":true}]}}