{"id":1478,"date":"2021-03-10T14:44:59","date_gmt":"2021-03-10T14:44:59","guid":{"rendered":"http:\/\/ledr-ingenieria.com\/new\/farmaceutico\/"},"modified":"2021-06-04T13:48:06","modified_gmt":"2021-06-04T13:48:06","slug":"farmaceutico","status":"publish","type":"page","link":"https:\/\/ledr-ingenieria.com\/ca\/sectores\/farmaceutico\/","title":{"rendered":"Farmac\u00e8utic"},"content":{"rendered":"<div class=\"wpb-content-wrapper\"><p>[vc_row overlay_dotted=&#8221;&#8221; css=&#8221;.vc_custom_1548997454479{padding-bottom: 2% !important;}&#8221;][vc_column][vc_single_image image=&#8221;863&#8243; img_size=&#8221;full&#8221; alignment=&#8221;center&#8221;]<div class=\"section-title-wrap  xrton-stitle-69deda2db6b90-sector-farmaceutic caption-left no-need-bg  \"><h2 class=\"section-title\">Sector farmac\u00e8utic<\/h2><\/div>[vc_column_text]LEDR, a trav\u00e9s del seu sector farmac\u00e8utic, aix\u00ed com en la seva activitat de manteniment integral d&#8217;instal\u00b7lacions, desenvolupa un nou servei dissenyat de \u00abSoluci\u00f3 integral\u00bb.<\/p>\n<p>El principal objectiu d&#8217;aquest servei \u00e9s oferir una soluci\u00f3 integral per a instal\u00b7lacions de farm\u00e0cia que inclogui, de forma flexible, una \u00e0mplia varietat de serveis a demanda del client.<\/p>\n<p>Gr\u00e0cies a aquest nou servei, podem oferir a les seves instal\u00b7lacions, des del disseny conceptual, la construcci\u00f3 i el muntatge, la posada en marxa, la neteja i manteniment de les sales i equips, fins a la certificaci\u00f3 i validaci\u00f3 de les instal\u00b7lacions aportant com a valor afegit l&#8217;optimitzaci\u00f3, la millora de qualitat i l&#8217;efici\u00e8ncia d&#8217;aquests.[\/vc_column_text][\/vc_column][\/vc_row]<\/p>\n<\/div>","protected":false},"excerpt":{"rendered":"[vc_row overlay_dotted=&#8221;&#8221; css=&#8221;.vc_custom_1548997454479{padding-bottom: 2% !important;}&#8221;][vc_column][vc_single_image image=&#8221;863&#8243; img_size=&#8221;full&#8221; alignment=&#8221;center&#8221;][vc_column_text]LEDR, a trav\u00e9s del seu sector farmac\u00e8utic, aix\u00ed com en la seva activitat de manteniment integral d&#8217;instal\u00b7lacions, desenvolupa un nou servei dissenyat de \u00abSoluci\u00f3 integral\u00bb. El principal objectiu d&#8217;aquest servei \u00e9s oferir una soluci\u00f3 integral per a instal\u00b7lacions de farm\u00e0cia que inclogui, de forma flexible, una \u00e0mplia varietat [&#8230;]","protected":false},"author":1,"featured_media":0,"parent":1496,"menu_order":0,"comment_status":"closed","ping_status":"closed","template":"","meta":{"footnotes":""},"class_list":["post-1478","page","type-page","status-publish","hentry"],"_links":{"self":[{"href":"https:\/\/ledr-ingenieria.com\/ca\/wp-json\/wp\/v2\/pages\/1478","targetHints":{"allow":["GET"]}}],"collection":[{"href":"https:\/\/ledr-ingenieria.com\/ca\/wp-json\/wp\/v2\/pages"}],"about":[{"href":"https:\/\/ledr-ingenieria.com\/ca\/wp-json\/wp\/v2\/types\/page"}],"author":[{"embeddable":true,"href":"https:\/\/ledr-ingenieria.com\/ca\/wp-json\/wp\/v2\/users\/1"}],"replies":[{"embeddable":true,"href":"https:\/\/ledr-ingenieria.com\/ca\/wp-json\/wp\/v2\/comments?post=1478"}],"version-history":[{"count":1,"href":"https:\/\/ledr-ingenieria.com\/ca\/wp-json\/wp\/v2\/pages\/1478\/revisions"}],"predecessor-version":[{"id":1480,"href":"https:\/\/ledr-ingenieria.com\/ca\/wp-json\/wp\/v2\/pages\/1478\/revisions\/1480"}],"up":[{"embeddable":true,"href":"https:\/\/ledr-ingenieria.com\/ca\/wp-json\/wp\/v2\/pages\/1496"}],"wp:attachment":[{"href":"https:\/\/ledr-ingenieria.com\/ca\/wp-json\/wp\/v2\/media?parent=1478"}],"curies":[{"name":"wp","href":"https:\/\/api.w.org\/{rel}","templated":true}]}}