{"id":1482,"date":"2021-03-10T15:27:15","date_gmt":"2021-03-10T15:27:15","guid":{"rendered":"http:\/\/ledr-ingenieria.com\/new\/climatizacion\/"},"modified":"2021-06-04T13:51:33","modified_gmt":"2021-06-04T13:51:33","slug":"climatizacion","status":"publish","type":"page","link":"https:\/\/ledr-ingenieria.com\/ca\/sectores\/climatizacion\/","title":{"rendered":"Climatitzaci\u00f3"},"content":{"rendered":"<div class=\"wpb-content-wrapper\"><p>[vc_row overlay_dotted=&#8221;&#8221; css=&#8221;.vc_custom_1548997454479{padding-bottom: 2% !important;}&#8221;][vc_column][vc_single_image image=&#8221;900&#8243; img_size=&#8221;full&#8221; alignment=&#8221;center&#8221;]<div class=\"section-title-wrap  xrton-stitle-69da023660d8c-sector-climatitzacio caption-left no-need-bg  \"><h2 class=\"section-title\">Sector climatitzaci\u00f3<\/h2><\/div>[vc_column_text]<strong>Manteniment preventiu<\/strong><\/p>\n<p style=\"text-align: justify;\">Consisteix en la neteja i desinfecci\u00f3 d&#8217;equips de climatitzaci\u00f3 amb l&#8217;aplicaci\u00f3 de diversos productes com a bactericida i fungicida que serveixen per eliminar males olors, fongs, bacteris, \u00e0cars i resta de pols.<\/p>\n<p>En els manteniments preventius es realitzen els seg\u00fcents punts:<\/p>\n<ul>\n<li>Higienitzaci\u00f3 i neteja de bateries interiors.<\/li>\n<li>Neteja de bateries exteriors.<\/li>\n<li>Neteja de filtres.<\/li>\n<li>Comprovaci\u00f3 de consum el\u00e8ctric.<\/li>\n<li>Comprovar la pressi\u00f3 dels gasos refrigerants.<\/li>\n<\/ul>\n<p>&nbsp;<\/p>\n<p><strong>Manteniment correctiu.<\/strong><\/p>\n<p style=\"text-align: justify;\">Els manteniments correctius impliquen realitzar les reparacions de les avaries o fallades quan aquestes es presenten.<\/p>\n<p style=\"text-align: justify;\">S\u00f3n problemes quotidians i comunament vistos en aparells en els quals no es van arribar a realitzar els manteniments preventius peri\u00f2dics.<\/p>\n<p style=\"text-align: justify;\">Hi ha diferents tipus d&#8217;avaries com:<\/p>\n<ul>\n<li>P\u00e8rdua de gas refrigerant en equips Split.<\/li>\n<li>Trencaments per exc\u00e9s de pols.<\/li>\n<li>Alteracions el\u00e8ctriques.<\/li>\n<li>Residus a les bateries evaporades com en les bateries condensadors.<\/li>\n<\/ul>\n<p>[\/vc_column_text][\/vc_column][\/vc_row]<\/p>\n<\/div>","protected":false},"excerpt":{"rendered":"[vc_row overlay_dotted=&#8221;&#8221; css=&#8221;.vc_custom_1548997454479{padding-bottom: 2% !important;}&#8221;][vc_column][vc_single_image image=&#8221;900&#8243; img_size=&#8221;full&#8221; alignment=&#8221;center&#8221;][vc_column_text]Manteniment preventiu Consisteix en la neteja i desinfecci\u00f3 d&#8217;equips de climatitzaci\u00f3 amb l&#8217;aplicaci\u00f3 de diversos productes com a bactericida i fungicida que serveixen per eliminar males olors, fongs, bacteris, \u00e0cars i resta de pols. En els manteniments preventius es realitzen els seg\u00fcents punts: Higienitzaci\u00f3 i neteja de bateries [&#8230;]","protected":false},"author":1,"featured_media":0,"parent":1496,"menu_order":0,"comment_status":"closed","ping_status":"closed","template":"","meta":{"footnotes":""},"class_list":["post-1482","page","type-page","status-publish","hentry"],"_links":{"self":[{"href":"https:\/\/ledr-ingenieria.com\/ca\/wp-json\/wp\/v2\/pages\/1482","targetHints":{"allow":["GET"]}}],"collection":[{"href":"https:\/\/ledr-ingenieria.com\/ca\/wp-json\/wp\/v2\/pages"}],"about":[{"href":"https:\/\/ledr-ingenieria.com\/ca\/wp-json\/wp\/v2\/types\/page"}],"author":[{"embeddable":true,"href":"https:\/\/ledr-ingenieria.com\/ca\/wp-json\/wp\/v2\/users\/1"}],"replies":[{"embeddable":true,"href":"https:\/\/ledr-ingenieria.com\/ca\/wp-json\/wp\/v2\/comments?post=1482"}],"version-history":[{"count":2,"href":"https:\/\/ledr-ingenieria.com\/ca\/wp-json\/wp\/v2\/pages\/1482\/revisions"}],"predecessor-version":[{"id":1485,"href":"https:\/\/ledr-ingenieria.com\/ca\/wp-json\/wp\/v2\/pages\/1482\/revisions\/1485"}],"up":[{"embeddable":true,"href":"https:\/\/ledr-ingenieria.com\/ca\/wp-json\/wp\/v2\/pages\/1496"}],"wp:attachment":[{"href":"https:\/\/ledr-ingenieria.com\/ca\/wp-json\/wp\/v2\/media?parent=1482"}],"curies":[{"name":"wp","href":"https:\/\/api.w.org\/{rel}","templated":true}]}}