{"id":1487,"date":"2021-03-10T12:52:55","date_gmt":"2021-03-10T12:52:55","guid":{"rendered":"http:\/\/ledr-ingenieria.com\/new\/automocion\/"},"modified":"2021-06-04T13:53:06","modified_gmt":"2021-06-04T13:53:06","slug":"automocion","status":"publish","type":"page","link":"https:\/\/ledr-ingenieria.com\/ca\/sectores\/automocion\/","title":{"rendered":"Automoci\u00f3"},"content":{"rendered":"<div class=\"wpb-content-wrapper\"><p>[vc_row overlay_dotted=&#8221;&#8221; css=&#8221;.vc_custom_1548997454479{padding-bottom: 2% !important;}&#8221;][vc_column][vc_single_image image=&#8221;858&#8243; img_size=&#8221;full&#8221;]<div class=\"section-title-wrap  xrton-stitle-69f49f4614c41-sector-automocio caption-left no-need-bg  \"><h2 class=\"section-title\">Sector automoci\u00f3<\/h2><\/div>[vc_column_text]Els nostres principals clients de el sector AUTOMOCI\u00d3 pertanyen tant a empreses fabricants de vehicles, com a fabricants de peces o processos de fabricaci\u00f3, que confien en la nostra experi\u00e8ncia en mat\u00e8ries de seguretat, manteniment i enginyeria.<\/p>\n<p>LEDR posa a disposici\u00f3 de la Ind\u00fastria automotriu el manteniment i el desenvolupament de projectes d&#8217;enginyeria.<\/p>\n<p>Es tracta d&#8217;un servei orientat a la Gesti\u00f3 i producci\u00f3 en les l\u00ednies de fabricaci\u00f3 i muntatge, des de la fabricaci\u00f3, fins a l&#8217;emissi\u00f3 d&#8217;informes de treball realitzat, incloent tasques de processos i resultats d&#8217;aquests.<\/p>\n<p>El nostre principal objectiu \u00e9s oferir als nostres clients la tranquil\u00b7litat i garantia que el seu producte compleix els m\u00e9s alts est\u00e0ndards especificats.[\/vc_column_text][\/vc_column][\/vc_row]<\/p>\n<\/div>","protected":false},"excerpt":{"rendered":"[vc_row overlay_dotted=&#8221;&#8221; css=&#8221;.vc_custom_1548997454479{padding-bottom: 2% !important;}&#8221;][vc_column][vc_single_image image=&#8221;858&#8243; img_size=&#8221;full&#8221;][vc_column_text]Els nostres principals clients de el sector AUTOMOCI\u00d3 pertanyen tant a empreses fabricants de vehicles, com a fabricants de peces o processos de fabricaci\u00f3, que confien en la nostra experi\u00e8ncia en mat\u00e8ries de seguretat, manteniment i enginyeria. LEDR posa a disposici\u00f3 de la Ind\u00fastria automotriu el manteniment i el [&#8230;]","protected":false},"author":1,"featured_media":0,"parent":1496,"menu_order":0,"comment_status":"closed","ping_status":"closed","template":"","meta":{"footnotes":""},"class_list":["post-1487","page","type-page","status-publish","hentry"],"_links":{"self":[{"href":"https:\/\/ledr-ingenieria.com\/ca\/wp-json\/wp\/v2\/pages\/1487","targetHints":{"allow":["GET"]}}],"collection":[{"href":"https:\/\/ledr-ingenieria.com\/ca\/wp-json\/wp\/v2\/pages"}],"about":[{"href":"https:\/\/ledr-ingenieria.com\/ca\/wp-json\/wp\/v2\/types\/page"}],"author":[{"embeddable":true,"href":"https:\/\/ledr-ingenieria.com\/ca\/wp-json\/wp\/v2\/users\/1"}],"replies":[{"embeddable":true,"href":"https:\/\/ledr-ingenieria.com\/ca\/wp-json\/wp\/v2\/comments?post=1487"}],"version-history":[{"count":1,"href":"https:\/\/ledr-ingenieria.com\/ca\/wp-json\/wp\/v2\/pages\/1487\/revisions"}],"predecessor-version":[{"id":1489,"href":"https:\/\/ledr-ingenieria.com\/ca\/wp-json\/wp\/v2\/pages\/1487\/revisions\/1489"}],"up":[{"embeddable":true,"href":"https:\/\/ledr-ingenieria.com\/ca\/wp-json\/wp\/v2\/pages\/1496"}],"wp:attachment":[{"href":"https:\/\/ledr-ingenieria.com\/ca\/wp-json\/wp\/v2\/media?parent=1487"}],"curies":[{"name":"wp","href":"https:\/\/api.w.org\/{rel}","templated":true}]}}