{"id":1492,"date":"2021-03-10T15:10:13","date_gmt":"2021-03-10T15:10:13","guid":{"rendered":"http:\/\/ledr-ingenieria.com\/new\/alimentacion\/"},"modified":"2021-06-04T13:55:08","modified_gmt":"2021-06-04T13:55:08","slug":"alimentacion","status":"publish","type":"page","link":"https:\/\/ledr-ingenieria.com\/ca\/sectores\/alimentacion\/","title":{"rendered":"Alimentaci\u00f3"},"content":{"rendered":"<div class=\"wpb-content-wrapper\"><p>[vc_row overlay_dotted=&#8221;&#8221; css=&#8221;.vc_custom_1548997454479{padding-bottom: 2% !important;}&#8221;][vc_column][vc_single_image image=&#8221;872&#8243; img_size=&#8221;full&#8221; alignment=&#8221;center&#8221;]<div class=\"section-title-wrap  xrton-stitle-69deaed13de97-sector-alimentacio caption-left no-need-bg  \"><h2 class=\"section-title\">Sector alimentaci\u00f3<\/h2><\/div>[vc_column_text]<\/p>\n<p class=\"p1\" style=\"text-align: justify;\">La visi\u00f3 de LEDR per al sector alimentaci\u00f3 \u00e9s un <strong>Manteniment segur<\/strong>. En la ind\u00fastria aliment\u00e0ria \u00e9s important garantir tant l&#8217;entorn com la producci\u00f3 segura.<\/p>\n<p>Planificar i posar en pr\u00e0ctica plans d&#8217;emerg\u00e8ncia adequats que els permetin fer front a qualsevol situaci\u00f3 adversa: planificaci\u00f3 de el temps, comprovaci\u00f3 de l&#8217;aire, equip de protecci\u00f3 antilliscant, etc.<\/p>\n<p>Finalment, per\u00f2 no menys important, \u00e9s posar l&#8217;accent en el disseny de les m\u00e0quines i de les l\u00ednies de producci\u00f3. Els dissenyadors han de garantir, per exemple, que es pugui accedir amb facilitat a les peces de les m\u00e0quines que han de ser inspeccionades, aix\u00ed com comptar amb un lloc de treball dissenyat adequadament per evitar accidents i garantir un manteniment segur.[\/vc_column_text][\/vc_column][\/vc_row]<\/p>\n<\/div>","protected":false},"excerpt":{"rendered":"[vc_row overlay_dotted=&#8221;&#8221; css=&#8221;.vc_custom_1548997454479{padding-bottom: 2% !important;}&#8221;][vc_column][vc_single_image image=&#8221;872&#8243; img_size=&#8221;full&#8221; alignment=&#8221;center&#8221;][vc_column_text] La visi\u00f3 de LEDR per al sector alimentaci\u00f3 \u00e9s un Manteniment segur. En la ind\u00fastria aliment\u00e0ria \u00e9s important garantir tant l&#8217;entorn com la producci\u00f3 segura. Planificar i posar en pr\u00e0ctica plans d&#8217;emerg\u00e8ncia adequats que els permetin fer front a qualsevol situaci\u00f3 adversa: planificaci\u00f3 de el temps, comprovaci\u00f3 [&#8230;]","protected":false},"author":1,"featured_media":0,"parent":1496,"menu_order":0,"comment_status":"closed","ping_status":"closed","template":"","meta":{"footnotes":""},"class_list":["post-1492","page","type-page","status-publish","hentry"],"_links":{"self":[{"href":"https:\/\/ledr-ingenieria.com\/ca\/wp-json\/wp\/v2\/pages\/1492","targetHints":{"allow":["GET"]}}],"collection":[{"href":"https:\/\/ledr-ingenieria.com\/ca\/wp-json\/wp\/v2\/pages"}],"about":[{"href":"https:\/\/ledr-ingenieria.com\/ca\/wp-json\/wp\/v2\/types\/page"}],"author":[{"embeddable":true,"href":"https:\/\/ledr-ingenieria.com\/ca\/wp-json\/wp\/v2\/users\/1"}],"replies":[{"embeddable":true,"href":"https:\/\/ledr-ingenieria.com\/ca\/wp-json\/wp\/v2\/comments?post=1492"}],"version-history":[{"count":1,"href":"https:\/\/ledr-ingenieria.com\/ca\/wp-json\/wp\/v2\/pages\/1492\/revisions"}],"predecessor-version":[{"id":1494,"href":"https:\/\/ledr-ingenieria.com\/ca\/wp-json\/wp\/v2\/pages\/1492\/revisions\/1494"}],"up":[{"embeddable":true,"href":"https:\/\/ledr-ingenieria.com\/ca\/wp-json\/wp\/v2\/pages\/1496"}],"wp:attachment":[{"href":"https:\/\/ledr-ingenieria.com\/ca\/wp-json\/wp\/v2\/media?parent=1492"}],"curies":[{"name":"wp","href":"https:\/\/api.w.org\/{rel}","templated":true}]}}