{"id":1496,"date":"2021-03-10T09:26:31","date_gmt":"2021-03-10T09:26:31","guid":{"rendered":"http:\/\/ledr-ingenieria.com\/new\/sectores\/"},"modified":"2026-02-11T14:11:32","modified_gmt":"2026-02-11T13:11:32","slug":"sectores","status":"publish","type":"page","link":"https:\/\/ledr-ingenieria.com\/ca\/sectores\/","title":{"rendered":"Sectors"},"content":{"rendered":"<div class=\"wpb-content-wrapper\"><p>[vc_row overlay_dotted=&#8221;&#8221;][vc_column]<div class=\"xrton-aboutus  xrton-aboutus-69e4554784a14\"><div class=\"container\"><div class=\"aboutus-wrap\"><div class=\"row align-items-center\"><div class=\"col-lg-6 order-lg-2\">\n                      <div class=\"about-image\">\n                        <img decoding=\"async\" src=\"https:\/\/ledr-ingenieria.com\/wp-content\/uploads\/2021\/03\/Ledr-ingenieria-sector-automocion-A0.jpg\" alt=\"About Us\">\n                      <\/div>\n                    <\/div>\n                    <div class=\"col-lg-6 order-lg-1\">\n                      <div class=\"about-info\">\n                        <div class=\"section-title-wrap section-title-style-two\">\n                          <h2 class=\"section-title\">Automoci\u00f3<\/h2>\n                        <\/div>\n                        <p>Els nostres principals clients de el sector automoci\u00f3 pertanyen tant a empreses fabricants de vehicles, com a fabricants de peces o processos de fabricaci\u00f3, els que confien en la nostra experi\u00e8ncia en mat\u00e8ries de seguretat, manteniment i enginyeria...<\/p><div class=\"xrton-btns-group\"><a href=\"http:\/\/ledr-ingenieria.com\/ca\/sectores\/automocion\/\" class=\"xrton-btn xrton-yellow-border-btn\" ><span class=\"xrton-btn-text\">M\u00e9s informaci\u00f3<\/span><\/a><\/div>    \n                      <\/div>\n                    <\/div><\/div><\/div><div class=\"aboutus-wrap\"><div class=\"row align-items-center\"><div class=\"col-lg-6\">\n                      <div class=\"about-image\">\n                        <img decoding=\"async\" src=\"https:\/\/ledr-ingenieria.com\/wp-content\/uploads\/2021\/03\/Ledr-ingenieria-sector-farmaceutico-A0.jpg\" alt=\"About Us\">\n                      <\/div>\n                    <\/div>\n                    <div class=\"col-lg-6\">\n                      <div class=\"about-info\">\n                        <div class=\"section-title-wrap section-title-style-two\">\n                          <h2 class=\"section-title\">Farmac\u00e8utic<\/h2>\n                        <\/div>\n                        <p>LEDR, a trav\u00e9s del seu sector farmac\u00e8utic, aix\u00ed com en la seva activitat de manteniment integral d'instal\u00b7lacions, desenvolupa un nou servei dissenyat de \u00abSoluci\u00f3 integral\u00bb...<\/p><div class=\"xrton-btns-group\"><a href=\"http:\/\/ledr-ingenieria.com\/ca\/sectores\/farmaceutico\/\" class=\"xrton-btn xrton-yellow-border-btn\" ><span class=\"xrton-btn-text\">M\u00e9s informaci\u00f3<\/span><\/a><\/div>    \n                      <\/div>\n                    <\/div><\/div><\/div><div class=\"aboutus-wrap\"><div class=\"row align-items-center\"><div class=\"col-lg-6 order-lg-2\">\n                      <div class=\"about-image\">\n                        <img decoding=\"async\" src=\"https:\/\/ledr-ingenieria.com\/wp-content\/uploads\/2021\/03\/Ledr-ingenieria-sector-quimico-A0.jpg\" alt=\"About Us\">\n                      <\/div>\n                    <\/div>\n                    <div class=\"col-lg-6 order-lg-1\">\n                      <div class=\"about-info\">\n                        <div class=\"section-title-wrap section-title-style-two\">\n                          <h2 class=\"section-title\">Qu\u00edmic<\/h2>\n                        <\/div>\n                        <p>Des de LEDR impulsem en el sector qu\u00edmic a la Prevenci\u00f3 i seguretat: les empreses de manteniment tenim responsabilitats en seguretat, m\u00e9s encara en el sector qu\u00edmic i de processos les normes s\u00f3n molt estrictes...<\/p><div class=\"xrton-btns-group\"><a href=\"http:\/\/ledr-ingenieria.com\/ca\/sectores\/quimico\/\" class=\"xrton-btn xrton-yellow-border-btn\" ><span class=\"xrton-btn-text\">M\u00e9s informaci\u00f3<\/span><\/a><\/div>    \n                      <\/div>\n                    <\/div><\/div><\/div><div class=\"aboutus-wrap\"><div class=\"row align-items-center\"><div class=\"col-lg-6\">\n                      <div class=\"about-image\">\n                        <img decoding=\"async\" src=\"https:\/\/ledr-ingenieria.com\/wp-content\/uploads\/2021\/03\/Ledr-ingenieria-sector-alimentacion-A0.jpg\" alt=\"About Us\">\n                      <\/div>\n                    <\/div>\n                    <div class=\"col-lg-6\">\n                      <div class=\"about-info\">\n                        <div class=\"section-title-wrap section-title-style-two\">\n                          <h2 class=\"section-title\">Alimentaci\u00f3<\/h2>\n                        <\/div>\n                        <p>La visi\u00f3 de LEDR per al sector alimentaci\u00f3 \u00e9s un <span style=\"font-weight: 600;\">Manteniment Segur<\/ span>.<br \/>\nA la ind\u00fastria aliment\u00e0ria \u00e9s important garantir tant l'entorn com la producci\u00f3 segura...<\/p><div class=\"xrton-btns-group\"><a href=\"http:\/\/ledr-ingenieria.com\/ca\/sectores\/alimentacion\/\" class=\"xrton-btn xrton-yellow-border-btn\" ><span class=\"xrton-btn-text\">M\u00e9s informaci\u00f3<\/span><\/a><\/div>    \n                      <\/div>\n                    <\/div><\/div><\/div><div class=\"aboutus-wrap\"><div class=\"row align-items-center\"><div class=\"col-lg-6 order-lg-2\">\n                      <div class=\"about-image\">\n                        <img decoding=\"async\" src=\"https:\/\/ledr-ingenieria.com\/wp-content\/uploads\/2021\/03\/Ledr-ingenieria-sector-metalurgico-A0.jpg\" alt=\"About Us\">\n                      <\/div>\n                    <\/div>\n                    <div class=\"col-lg-6 order-lg-1\">\n                      <div class=\"about-info\">\n                        <div class=\"section-title-wrap section-title-style-two\">\n                          <h2 class=\"section-title\">Metal\u00b7l\u00fargic<\/h2>\n                        <\/div>\n                        <p>LEDR \u00e9s especialista en l'aplicaci\u00f3 de pintura de protecci\u00f3 fins reparacions estructurals, suportaci\u00f3 de maquin\u00e0ria, de cobertes, de plataformes, fins i tot...<\/p><div class=\"xrton-btns-group\"><a href=\"http:\/\/ledr-ingenieria.com\/ca\/sectores\/metalurgico\/\" class=\"xrton-btn xrton-yellow-border-btn\" ><span class=\"xrton-btn-text\">M\u00e9s informaci\u00f3<\/span><\/a><\/div>    \n                      <\/div>\n                    <\/div><\/div><\/div><div class=\"aboutus-wrap\"><div class=\"row align-items-center\"><div class=\"col-lg-6\">\n                      <div class=\"about-image\">\n                        <img decoding=\"async\" src=\"https:\/\/ledr-ingenieria.com\/wp-content\/uploads\/2021\/03\/Ledr-ingenieria-sector-logistico-A0.jpg\" alt=\"About Us\">\n                      <\/div>\n                    <\/div>\n                    <div class=\"col-lg-6\">\n                      <div class=\"about-info\">\n                        <div class=\"section-title-wrap section-title-style-two\">\n                          <h2 class=\"section-title\">Log\u00edstic<\/h2>\n                        <\/div>\n                        <p>Els serveis log\u00edstics per a manteniment, reparaci\u00f3 i operacions se centren en els processos i productes auxiliars que donen suport a aquelles operacions internes que no arriben a identificar-se com a part del seu producte final ni estan en la definici\u00f3 pr\u00f2pia de la marca...<\/p><div class=\"xrton-btns-group\"><a href=\"http:\/\/ledr-ingenieria.com\/ca\/sectores\/logistico\/\" class=\"xrton-btn xrton-yellow-border-btn\" ><span class=\"xrton-btn-text\">M\u00e9s informaci\u00f3<\/span><\/a><\/div>    \n                      <\/div>\n                    <\/div><\/div><\/div><div class=\"aboutus-wrap\"><div class=\"row align-items-center\"><div class=\"col-lg-6 order-lg-2\">\n                      <div class=\"about-image\">\n                        <img decoding=\"async\" src=\"https:\/\/ledr-ingenieria.com\/wp-content\/uploads\/2021\/03\/Ledr-ingenieria-sector-tratamiento-de-aguas-A0.jpg\" alt=\"About Us\">\n                      <\/div>\n                    <\/div>\n                    <div class=\"col-lg-6 order-lg-1\">\n                      <div class=\"about-info\">\n                        <div class=\"section-title-wrap section-title-style-two\">\n                          <h2 class=\"section-title\">Tractament d'aig\u00fces<\/h2>\n                        <\/div>\n                        <p>Des de LEDR assegurem l'adequat manteniment de les instal\u00b7lacions per al tractament d'aig\u00fces, que comporta la pr\u00e8via i correcta implementaci\u00f3 de les accions necess\u00e0ries per garantir la m\u00e0xima...<\/p><div class=\"xrton-btns-group\"><a href=\"http:\/\/ledr-ingenieria.com\/ca\/sectores\/tratamiento-de-aguas\/\" class=\"xrton-btn xrton-yellow-border-btn\" ><span class=\"xrton-btn-text\">M\u00e9s informaci\u00f3<\/span><\/a><\/div>    \n                      <\/div>\n                    <\/div><\/div><\/div><div class=\"aboutus-wrap\"><div class=\"row align-items-center\"><div class=\"col-lg-6\">\n                      <div class=\"about-image\">\n                        <img decoding=\"async\" src=\"https:\/\/ledr-ingenieria.com\/wp-content\/uploads\/2021\/03\/Ledr-ingenieria-sector-climiatizacion-A0.jpg\" alt=\"About Us\">\n                      <\/div>\n                    <\/div>\n                    <div class=\"col-lg-6\">\n                      <div class=\"about-info\">\n                        <div class=\"section-title-wrap section-title-style-two\">\n                          <h2 class=\"section-title\">Climatitzaci\u00f3<\/h2>\n                        <\/div>\n                        <p>Consisteix en la neteja i desinfecci\u00f3 d'equips de climatitzaci\u00f3 amb l'aplicaci\u00f3 de diversos productes com a bactericida i fungicida que serveixen per eliminar males olors, fongs, bacteris, \u00e0cars...<\/p><div class=\"xrton-btns-group\"><a href=\"http:\/\/ledr-ingenieria.com\/ca\/sectores\/climatizacion\/\" class=\"xrton-btn xrton-yellow-border-btn\" ><span class=\"xrton-btn-text\">M\u00e9s informaci\u00f3<\/span><\/a><\/div>    \n                      <\/div>\n                    <\/div><\/div><\/div><\/div><\/div>[\/vc_column][\/vc_row][vc_row full_width=&#8221;stretch_row_content_no_spaces&#8221; overlay_dotted=&#8221;&#8221; css=&#8221;.vc_custom_1622035621576{padding-top: 8% !important;padding-bottom: 6% !important;background-color: #f7f7f7 !important;}&#8221;][vc_column]<section class=\"xrton-welcome wel_ajuste xrton-welcome-69e4554785a03\"><div class=\"container\"><div class=\"section-title-wrap\">\n          <h2 class=\"section-title\">M\u00e9s de 20 anys d&#039;experi\u00e8ncia<\/h2>\n        <\/div><div class=\"welcome-info\">\n                  <p>Connectem l'experi\u00e8ncia a trav\u00e9s de serveis, mercats i geografies per oferir resultats transformadors. Dissenyem, constru\u00efm, operem i coordinem projectes que obren oportunitats, protegeixen el nostre medi ambient i milloren la vida de les persones.<\/p>\n              <div class=\"welcome-wrap\"><div class=\"owl-carousel\"  data-dots=\"false\" data-nav=\"false\" data-loop=\"true\" data-items=\"4\" data-margin=\"40\" data-mouse-drag=\"true\" data-items-tablet=\"3\" data-items-mobile-landscape=\"2\" data-items-mobile-portrait=\"1\"><div class=\"item\">\n                    <div class=\"welcome-item\">\n                      <div class=\"xrton-image\">\n                        <div class=\"xrton-table-wrap\">\n                          <div class=\"xrton-align-wrap\">\n                            <div class=\"\"><img decoding=\"async\" src=\"\" alt=\"\"\/><\/div>\n                          <\/div>\n                        <\/div>\n                      <\/div>\n                    <\/div>\n                  <\/div><\/div><\/div><\/div><\/div><\/section>[\/vc_column][\/vc_row]<\/p>\n<\/div>","protected":false},"excerpt":{"rendered":"[vc_row overlay_dotted=&#8221;&#8221;][vc_column][\/vc_column][\/vc_row][vc_row full_width=&#8221;stretch_row_content_no_spaces&#8221; overlay_dotted=&#8221;&#8221; css=&#8221;.vc_custom_1622035621576{padding-top: 8% !important;padding-bottom: 6% !important;background-color: #f7f7f7 !important;}&#8221;][vc_column][\/vc_column][\/vc_row]","protected":false},"author":1,"featured_media":0,"parent":0,"menu_order":0,"comment_status":"closed","ping_status":"closed","template":"","meta":{"footnotes":""},"class_list":["post-1496","page","type-page","status-publish","hentry"],"_links":{"self":[{"href":"https:\/\/ledr-ingenieria.com\/ca\/wp-json\/wp\/v2\/pages\/1496","targetHints":{"allow":["GET"]}}],"collection":[{"href":"https:\/\/ledr-ingenieria.com\/ca\/wp-json\/wp\/v2\/pages"}],"about":[{"href":"https:\/\/ledr-ingenieria.com\/ca\/wp-json\/wp\/v2\/types\/page"}],"author":[{"embeddable":true,"href":"https:\/\/ledr-ingenieria.com\/ca\/wp-json\/wp\/v2\/users\/1"}],"replies":[{"embeddable":true,"href":"https:\/\/ledr-ingenieria.com\/ca\/wp-json\/wp\/v2\/comments?post=1496"}],"version-history":[{"count":4,"href":"https:\/\/ledr-ingenieria.com\/ca\/wp-json\/wp\/v2\/pages\/1496\/revisions"}],"predecessor-version":[{"id":1701,"href":"https:\/\/ledr-ingenieria.com\/ca\/wp-json\/wp\/v2\/pages\/1496\/revisions\/1701"}],"wp:attachment":[{"href":"https:\/\/ledr-ingenieria.com\/ca\/wp-json\/wp\/v2\/media?parent=1496"}],"curies":[{"name":"wp","href":"https:\/\/api.w.org\/{rel}","templated":true}]}}