{"id":1512,"date":"2019-02-12T11:03:52","date_gmt":"2019-02-12T11:03:52","guid":{"rendered":"http:\/\/ledr-ingenieria.com\/new\/empresa\/"},"modified":"2021-06-04T14:06:51","modified_gmt":"2021-06-04T14:06:51","slug":"empresa","status":"publish","type":"page","link":"https:\/\/ledr-ingenieria.com\/ca\/empresa\/","title":{"rendered":"Empresa"},"content":{"rendered":"<div class=\"wpb-content-wrapper\"><p>[vc_row overlay_dotted=&#8221;&#8221;][vc_column][vc_empty_space height=&#8221;120px&#8221;][vc_single_image image=&#8221;1343&#8243; img_size=&#8221;full&#8221; alignment=&#8221;center&#8221; css=&#8221;.vc_custom_1622736070349{border-bottom-width: 2px !important;border-bottom-color: #930028 !important;border-bottom-style: solid !important;}&#8221;][vc_custom_heading text=&#8221;Ledr, des de la seva creaci\u00f3 ha aplicat el concepte &#8220;Cr\u00e9ixer i consolidar&#8220;, on el gran objectiu \u00e9s tenir un permanent feed-back amb els nostres clients, com a sistema de millora cont\u00ednua.&#8221; font_container=&#8221;tag:h3|text_align:center&#8221; use_theme_fonts=&#8221;yes&#8221; css=&#8221;.vc_custom_1622815496625{margin-bottom: 40px !important;border-bottom-width: 2px !important;border-bottom-color: #930028 !important;}&#8221;][vc_column_text css=&#8221;.vc_custom_1622815520476{padding-top: 10px !important;padding-right: 20px !important;padding-bottom: 10px !important;padding-left: 20px !important;background-color: #e8e8e8 !important;}&#8221;]Actualment Ledr est\u00e0 orientada a la participaci\u00f3 en projectes d&#8217;alt valor afegit, sempre dins l&#8217;\u00e0mbit industrial, aplicant la tecnologia m\u00e9s avantguardista existent en el mercat i sent respectuosos amb el medi ambient.<\/p>\n<p>Ledr disposa d&#8217;un departament t\u00e8cnic que desenvolupa els diferents projectes amb els programes de disseny m\u00e9s avan\u00e7ats, sent cada projecte analitzat exhaustivament de manera que s&#8217;assegura tot el proc\u00e9s complint les exigents normatives ISO i FDA.[\/vc_column_text][vc_empty_space height=&#8221;80px&#8221;][\/vc_column][\/vc_row][vc_row full_width=&#8221;stretch_row_content_no_spaces&#8221; overlay_dotted=&#8221;&#8221; css=&#8221;.vc_custom_1552623058480{padding-top: 8% !important;padding-bottom: 6% !important;background-color: #0d1721 !important;}&#8221;][vc_column]<section class=\"xrton-welcome  xrton-welcome-69da01a0ca0a8\"><div class=\"container\"><div class=\"section-title-wrap\">\n          <h2 class=\"section-title\">Qualitat i Medi Ambient<\/h2>\n        <\/div><div class=\"welcome-info\">\n                  <p>LEDR t\u00e9 un fort comprom\u00eds amb la qualitat i per aix\u00f2 compta amb l'acreditaci\u00f3 oficial de la norma UNE-EN-ISO 9001-2000. Estem compromesos amb el Medi Ambient, establint un control sobre tots els residus generats ia m\u00e9s gestionant el seu tractament i reciclatge.<\/p>\n              <div class=\"welcome-wrap\"><div class=\"owl-carousel\"  data-dots=\"false\" data-nav=\"false\" data-loop=\"true\" data-items=\"4\" data-margin=\"40\" data-mouse-drag=\"true\" data-items-tablet=\"3\" data-items-mobile-landscape=\"2\" data-items-mobile-portrait=\"1\"><div class=\"item\">\n                    <div class=\"welcome-item\">\n                      <div class=\"xrton-image\">\n                        <div class=\"xrton-table-wrap\">\n                          <div class=\"xrton-align-wrap\">\n                            <div class=\"\"><img decoding=\"async\" src=\"\" alt=\"\"\/><\/div>\n                          <\/div>\n                        <\/div>\n                      <\/div>\n                    <\/div>\n                  <\/div><\/div><\/div><\/div><\/div><\/section>[\/vc_column][\/vc_row][vc_row overlay_dotted=&#8221;&#8221; css=&#8221;.vc_custom_1548941183212{padding-top: 8% !important;padding-bottom: 7% !important;}&#8221;][vc_column]<div class=\"section-title-wrap  xrton-stitle-69da01a0ca0a9-professionals caption-center need-bg  \"><h2 class=\"section-title\">Professionals<\/h2><\/div>[vc_row_inner][vc_column_inner width=&#8221;1\/5&#8243;][vc_single_image image=&#8221;1066&#8243; img_size=&#8221;full&#8221; alignment=&#8221;center&#8221;][vc_column_text]<\/p>\n<p style=\"text-align: center;\"><strong>Gerardo D\u00edaz<\/strong><br \/>\nGerent<br \/>\n<a href=\"mailto:gdiaz@ledr-ingenieria.com\"><span style=\"font-size: 12px;\">gdiaz@ledr-ingenieria.com<\/span><\/a><\/p>\n<p>[\/vc_column_text][\/vc_column_inner][vc_column_inner width=&#8221;1\/5&#8243;][vc_single_image image=&#8221;1066&#8243; img_size=&#8221;full&#8221; alignment=&#8221;center&#8221;][vc_column_text]<\/p>\n<p style=\"text-align: center;\"><strong>Jordi Lozano<\/strong><br \/>\nDirector d&#8217;operacions<br \/>\n<a href=\"mailto:jlozano@ledr-ingenieria.com\"><span style=\"font-size: 12px;\">jlozano@ledr-ingenieria.com<\/span><\/a><\/p>\n<p>[\/vc_column_text][\/vc_column_inner][vc_column_inner width=&#8221;1\/5&#8243;][vc_single_image image=&#8221;1066&#8243; img_size=&#8221;full&#8221; alignment=&#8221;center&#8221;][vc_column_text]<\/p>\n<p style=\"text-align: center;\"><strong>Josep Miquel Isabel<\/strong><br \/>\nDirector t\u00e8cnic<br \/>\n<a href=\"mailto:miquel.isabel@ledr-ingenieria.com\"><span style=\"font-size: 12px;\">miquel.isabel@ledr-ingenieria.com<\/span><\/a><\/p>\n<p>[\/vc_column_text][\/vc_column_inner][vc_column_inner width=&#8221;1\/5&#8243;][vc_single_image image=&#8221;1066&#8243; img_size=&#8221;full&#8221; alignment=&#8221;center&#8221;][vc_column_text]<\/p>\n<p style=\"text-align: center;\"><strong>Javier Hormigo<\/strong><br \/>\nDelegat Pamplona<br \/>\n<a href=\"mailto:jhormigo@ledr-ingenieria.com\"><span style=\"font-size: 12px;\">jhormigo@ledr-ingenieria.com<\/span><\/a><\/p>\n<p>[\/vc_column_text][\/vc_column_inner][vc_column_inner width=&#8221;1\/5&#8243;][vc_single_image image=&#8221;1066&#8243; img_size=&#8221;full&#8221; alignment=&#8221;center&#8221;][vc_column_text]<\/p>\n<p style=\"text-align: center;\"><strong>Nuno Amaral<\/strong><br \/>\nDelegat Portugal<br \/>\n<a href=\"mailto:namaral@ledr-ingenieria.com\"><span style=\"font-size: 12px;\">namaral@ledr-ingenieria.com<\/span><\/a><\/p>\n<p>[\/vc_column_text][\/vc_column_inner][\/vc_row_inner][\/vc_column][\/vc_row]<\/p>\n<\/div>","protected":false},"excerpt":{"rendered":"[vc_row overlay_dotted=&#8221;&#8221;][vc_column][vc_empty_space height=&#8221;120px&#8221;][vc_single_image image=&#8221;1343&#8243; img_size=&#8221;full&#8221; alignment=&#8221;center&#8221; css=&#8221;.vc_custom_1622736070349{border-bottom-width: 2px !important;border-bottom-color: #930028 !important;border-bottom-style: solid !important;}&#8221;][vc_custom_heading text=&#8221;Ledr, des de la seva creaci\u00f3 ha aplicat el concepte &#8220;Cr\u00e9ixer i consolidar&#8220;, on el gran objectiu \u00e9s tenir un permanent feed-back amb els nostres clients, com a sistema de millora cont\u00ednua.&#8221; font_container=&#8221;tag:h3|text_align:center&#8221; use_theme_fonts=&#8221;yes&#8221; css=&#8221;.vc_custom_1622815496625{margin-bottom: 40px !important;border-bottom-width: 2px !important;border-bottom-color: #930028 !important;}&#8221;][vc_column_text css=&#8221;.vc_custom_1622815520476{padding-top: [&#8230;]","protected":false},"author":1,"featured_media":0,"parent":0,"menu_order":0,"comment_status":"closed","ping_status":"closed","template":"","meta":{"footnotes":""},"class_list":["post-1512","page","type-page","status-publish","hentry"],"_links":{"self":[{"href":"https:\/\/ledr-ingenieria.com\/ca\/wp-json\/wp\/v2\/pages\/1512","targetHints":{"allow":["GET"]}}],"collection":[{"href":"https:\/\/ledr-ingenieria.com\/ca\/wp-json\/wp\/v2\/pages"}],"about":[{"href":"https:\/\/ledr-ingenieria.com\/ca\/wp-json\/wp\/v2\/types\/page"}],"author":[{"embeddable":true,"href":"https:\/\/ledr-ingenieria.com\/ca\/wp-json\/wp\/v2\/users\/1"}],"replies":[{"embeddable":true,"href":"https:\/\/ledr-ingenieria.com\/ca\/wp-json\/wp\/v2\/comments?post=1512"}],"version-history":[{"count":2,"href":"https:\/\/ledr-ingenieria.com\/ca\/wp-json\/wp\/v2\/pages\/1512\/revisions"}],"predecessor-version":[{"id":1515,"href":"https:\/\/ledr-ingenieria.com\/ca\/wp-json\/wp\/v2\/pages\/1512\/revisions\/1515"}],"wp:attachment":[{"href":"https:\/\/ledr-ingenieria.com\/ca\/wp-json\/wp\/v2\/media?parent=1512"}],"curies":[{"name":"wp","href":"https:\/\/api.w.org\/{rel}","templated":true}]}}