{"id":1522,"date":"2021-05-26T11:41:43","date_gmt":"2021-05-26T11:41:43","guid":{"rendered":"http:\/\/ledr-ingenieria.com\/new\/politica-de-cookies\/"},"modified":"2021-06-04T14:11:05","modified_gmt":"2021-06-04T14:11:05","slug":"politica-de-cookies","status":"publish","type":"page","link":"https:\/\/ledr-ingenieria.com\/ca\/politica-de-cookies\/","title":{"rendered":"Pol\u00edtica de Cookies"},"content":{"rendered":"<div class=\"wpb-content-wrapper\"><p>[vc_row][vc_column][vc_column_text]<\/p>\n<div class=\"cli_pg_page_contaner\">\n<h4>Sobre la pol\u00edtica de cookies<\/h4>\n<div style=\"text-align: justify;\">Aquesta Pol\u00edtica de galetes explica qu\u00e8 s\u00f3n les galetes i com les fem servir, els tipus de cookies que fem servir, \u00e9s a dir, la informaci\u00f3 que recollim usant galetes i com s&#8217;usa aquesta informaci\u00f3, i com controlar les prefer\u00e8ncies de cookies. Per obtenir m\u00e9s informaci\u00f3 sobre com fem servir, emmagatzemem i mantenim segures les seves dades personals, consulteu la nostra Pol\u00edtica de privacitat. En qualsevol moment pot canviar o retirar el seu consentiment de la Declaraci\u00f3 de cookies al nostre lloc web. M\u00e9s informaci\u00f3 sobre qui som, com pot comunicar-se amb nosaltres i com processem les dades personals en la nostra Pol\u00edtica de privacitat. El seu consentiment s&#8217;aplica als seg\u00fcents dominis: ledr-ingenieria.com.<\/div>\n<div><\/div>\n<h4>Qu\u00e9 son las cookies?<\/h4>\n<div style=\"text-align: justify;\">Les cookies s\u00f3n petits arxius de text que s&#8217;utilitzen per emmagatzemar petits fragments d&#8217;informaci\u00f3. S&#8217;emmagatzemen en el seu dispositiu quan el lloc web es carrega al seu navegador. Aquestes galetes ens ajuden a fer que el lloc web funcioni correctament, fer-lo m\u00e9s segur, brindar una millor experi\u00e8ncia a l&#8217;usuari i comprendre com funciona el lloc web i analitzar qu\u00e8 funciona i on necessita millorar.<\/div>\n<div><\/div>\n<h4>Com fem servir les cookies?<\/h4>\n<div style=\"text-align: justify;\">Com la majoria dels serveis en l\u00ednia, el nostre lloc web utilitza galetes pr\u00f2pies i de tercers per a diversos prop\u00f2sits. Les galetes d&#8217;origen s\u00f3n principalment necess\u00e0ries perqu\u00e8 el lloc web funcioni correctament i no recopilen cap de les seves dades d&#8217;identificaci\u00f3 personal. Les galetes de tercers utilitzades en el nostre lloc web s\u00f3n principalment per comprendre com funciona el lloc web, com interactua amb el nostre lloc web, mantenir els nostres serveis segurs, proporcionar anuncis que siguin rellevants per a vost\u00e8 i, en general, brindar-li un usuari millor i una millor experi\u00e8ncia i l&#8217;ajudi a accelerar les seves interaccions futures amb el nostre lloc web.<\/div>\n<div><\/div>\n<h4>Quins tipus de cookies utilitzem?<\/h4>\n<div style=\"text-align: justify;\"><strong>Essencial<\/strong>: algunes galetes s\u00f3n essencials perqu\u00e8 pugui experimentar la funcionalitat completa del nostre lloc. Ens permeten mantenir les sessions dels usuaris i prevenir qualsevol amena\u00e7a a la seguretat. No recopilen ni recullen cap informaci\u00f3 personal. Per exemple, aquestes galetes li permeten iniciar la sessi\u00f3 al compte i afegir productes al seu carret i fer el pagament de forma segura.<\/div>\n<div style=\"text-align: justify;\"><\/div>\n<div style=\"text-align: justify;\"><strong>Estad\u00edstiques<\/strong>: aquestes galetes emmagatzemen informaci\u00f3 com el nombre de visitants a la p\u00e0gina web, el nombre de visitants \u00fanics, quines p\u00e0gines del lloc web s&#8217;han visitat, la font de la visita, etc. Aquestes dades ens ajuden a comprendre i analitzar el rendiment del lloc web. i on necessita millorar.<\/div>\n<div style=\"text-align: justify;\"><\/div>\n<div style=\"text-align: justify;\"><strong>M\u00e0rqueting<\/strong>: nostre lloc web mostra anuncis. Aquestes cookies s&#8217;utilitzen per personalitzar els anuncis que li vam mostrar perqu\u00e8 siguin significatius per a vost\u00e8. Aquestes cookies tamb\u00e9 ens ajuden a realitzar un seguiment de l&#8217;efici\u00e8ncia d&#8217;aquestes campanyes publicit\u00e0ries. Els prove\u00efdors de publicitat de tercers tamb\u00e9 poden utilitzar la informaci\u00f3 emmagatzemada en aquestes cookies per mostrar anuncis en altres llocs web al navegador.<\/div>\n<div style=\"text-align: justify;\"><\/div>\n<div style=\"text-align: justify;\"><strong>Funcional<\/strong>: S\u00f3n les cookies que ajuden a determinades funcionalitats no essencials del nostre lloc web. Aquestes funcionalitats inclouen incrustar contingut com v\u00eddeos o compartir contingut del lloc web en plataformes de xarxes socials.<\/div>\n<div style=\"text-align: justify;\"><\/div>\n<div style=\"text-align: justify;\"><strong>Prefer\u00e8ncies<\/strong>: aquestes cookies ens ajuden a emmagatzemar la seva configuraci\u00f3 i prefer\u00e8ncies de navegaci\u00f3, com les prefer\u00e8ncies d&#8217;idioma, perqu\u00e8 tingui una experi\u00e8ncia millor i m\u00e9s eficient en futures visites a la p\u00e0gina web.<\/div>\n<div><\/div>\n<div style=\"text-align: justify;\"><\/div>\n<div><\/div>\n<h4>Com puc controlar les prefer\u00e8ncies de les galetes?<\/h4>\n<div style=\"text-align: justify;\">Si decideix canviar les prefer\u00e8ncies m\u00e9s endavant a trav\u00e9s de la seva sessi\u00f3 de navegaci\u00f3, pot fer clic a la pestanya &#8220;Pol\u00edtica de privacitat i cookies&#8221; a la pantalla. Aix\u00f2 mostrar\u00e0 l&#8217;av\u00eds de consentiment novament, el que li permetr\u00e0 canviar les seves prefer\u00e8ncies o retirar el seu consentiment per complet. A m\u00e9s d&#8217;aix\u00f2, els diferents navegadors proporcionen diferents m\u00e8todes per bloquejar i eliminar les cookies utilitzades pels llocs web. Podeu canviar la configuraci\u00f3 del seu navegador per bloquejar\/eliminar les cookies. Per obtenir m\u00e9s informaci\u00f3 sobre com administrar i eliminar les cookies, visiteu wikipedia.org, www.allaboutcookies.org.<\/div>\n<\/div>\n<p>[\/vc_column_text][\/vc_column][\/vc_row]<\/p>\n<\/div>","protected":false},"excerpt":{"rendered":"[vc_row][vc_column][vc_column_text] Sobre la pol\u00edtica de cookies Aquesta Pol\u00edtica de galetes explica qu\u00e8 s\u00f3n les galetes i com les fem servir, els tipus de cookies que fem servir, \u00e9s a dir, la informaci\u00f3 que recollim usant galetes i com s&#8217;usa aquesta informaci\u00f3, i com controlar les prefer\u00e8ncies de cookies. Per obtenir m\u00e9s informaci\u00f3 sobre com fem [&#8230;]","protected":false},"author":1,"featured_media":0,"parent":0,"menu_order":0,"comment_status":"closed","ping_status":"closed","template":"","meta":{"footnotes":""},"class_list":["post-1522","page","type-page","status-publish","hentry"],"_links":{"self":[{"href":"https:\/\/ledr-ingenieria.com\/ca\/wp-json\/wp\/v2\/pages\/1522","targetHints":{"allow":["GET"]}}],"collection":[{"href":"https:\/\/ledr-ingenieria.com\/ca\/wp-json\/wp\/v2\/pages"}],"about":[{"href":"https:\/\/ledr-ingenieria.com\/ca\/wp-json\/wp\/v2\/types\/page"}],"author":[{"embeddable":true,"href":"https:\/\/ledr-ingenieria.com\/ca\/wp-json\/wp\/v2\/users\/1"}],"replies":[{"embeddable":true,"href":"https:\/\/ledr-ingenieria.com\/ca\/wp-json\/wp\/v2\/comments?post=1522"}],"version-history":[{"count":1,"href":"https:\/\/ledr-ingenieria.com\/ca\/wp-json\/wp\/v2\/pages\/1522\/revisions"}],"predecessor-version":[{"id":1523,"href":"https:\/\/ledr-ingenieria.com\/ca\/wp-json\/wp\/v2\/pages\/1522\/revisions\/1523"}],"wp:attachment":[{"href":"https:\/\/ledr-ingenieria.com\/ca\/wp-json\/wp\/v2\/media?parent=1522"}],"curies":[{"name":"wp","href":"https:\/\/api.w.org\/{rel}","templated":true}]}}