{"id":1528,"date":"2019-02-12T11:48:09","date_gmt":"2019-02-12T11:48:09","guid":{"rendered":"http:\/\/ledr-ingenieria.com\/new\/actividades\/"},"modified":"2021-06-04T16:22:39","modified_gmt":"2021-06-04T16:22:39","slug":"actividades","status":"publish","type":"page","link":"https:\/\/ledr-ingenieria.com\/ca\/actividades\/","title":{"rendered":"Activitats"},"content":{"rendered":"<div class=\"wpb-content-wrapper\"><p>[vc_row overlay_dotted=&#8221;&#8221; css=&#8221;.vc_custom_1548997454479{padding-bottom: 2% !important;}&#8221;][vc_column]<div class=\"section-title-wrap  xrton-stitle-69db00267117a-1-enginyeria-industrial caption-left no-need-bg  \"><h2 class=\"section-title\"><strong>1.<\/strong> Enginyeria industrial<\/h2><\/div>[vc_column_text]<\/p>\n<p style=\"text-align: justify;\">A LEDR desenvolupem els projectes d&#8217;enginyeria, per a la millora i instal\u00b7laci\u00f3 de sistemes integrats de persones, materials, informaci\u00f3, equip i energia. Ens basem en el coneixement especialitzat de la nostra experi\u00e8ncia basada en m\u00e8todes d&#8217;an\u00e0lisi d&#8217;enginyeria i disseny, per especificar, predir i avaluar els resultats que s&#8217;obtinguin de tals sistemes.<\/p>\n<p>[\/vc_column_text][vc_media_grid element_width=&#8221;2&#8243; grid_id=&#8221;vc_gid:1622823724465-c05b32a5-d078-7&#8243; include=&#8221;940,938,936,934,932,930&#8243; css=&#8221;.vc_custom_1615402593595{margin-bottom: 5px !important;}&#8221;][vc_column_text css=&#8221;.vc_custom_1622823291624{margin-bottom: 5px !important;}&#8221;]<\/p>\n<p style=\"text-align: left;\">*<span style=\"font-size: 9px;\">Projecte Seat Martorell 2019<\/span><\/p>\n<p>[\/vc_column_text][\/vc_column][\/vc_row][vc_row full_width=&#8221;stretch_row&#8221; overlay_dotted=&#8221;&#8221; css=&#8221;.vc_custom_1615449801392{padding-bottom: 2% !important;}&#8221;][vc_column][vc_empty_space height=&#8221;120px&#8221; el_id=&#8221;ing_pro&#8221;]<div class=\"section-title-wrap  xrton-stitle-69db0026711a5-2-enginyeria-de-processos caption-left no-need-bg  \"><h2 class=\"section-title\"><strong>2.<\/strong> Enginyeria de processos<\/h2><\/div>[vc_row_inner][vc_column_inner width=&#8221;2\/3&#8243;][vc_column_text]L&#8217;enginyeria de processos \u00e9s, en termes de gesti\u00f3, l&#8217;\u00e0nima de qualsevol projecte. Per aix\u00f2 mateix agrupa sabers, coneixements, t\u00e8cniques i estrat\u00e8gies provinents de diferents camps i disciplines.<\/p>\n<p>Entre les seves principals funcions podem esmentar:<\/p>\n<ul>\n<li>Millora dels processos<\/li>\n<li>Gesti\u00f3 de subministrament<\/li>\n<li>Monitoritzaci\u00f3 de l&#8217;rendiment<\/li>\n<li>Gesti\u00f3 de qualitat<\/li>\n<li>Desenvolupament de nous projectes<\/li>\n<\/ul>\n<p>[\/vc_column_text][\/vc_column_inner][vc_column_inner width=&#8221;1\/3&#8243;][vc_single_image image=&#8221;943&#8243; img_size=&#8221;full&#8221; alignment=&#8221;center&#8221; css=&#8221;.vc_custom_1615451646641{margin-bottom: 5px !important;}&#8221;][\/vc_column_inner][\/vc_row_inner][\/vc_column][\/vc_row][vc_row overlay_dotted=&#8221;&#8221; css=&#8221;.vc_custom_1548997454479{padding-bottom: 2% !important;}&#8221;][vc_column][vc_empty_space height=&#8221;120px&#8221; el_id=&#8221;efi_ene&#8221;]<div class=\"section-title-wrap  xrton-stitle-69db0026711f5-3-eficiencia-energetica caption-left no-need-bg  \"><h2 class=\"section-title\"><strong>3.<\/strong> Efici\u00e8ncia energ\u00e8tica<\/h2><\/div>[vc_column_text]<\/p>\n<p style=\"text-align: justify;\">A LEDR desenvolupem projectes d&#8217;efici\u00e8ncia energ\u00e8tica, dirigides principalment a la reducci\u00f3 de costos amb el consum d&#8217;insums d&#8217;energia i aigua, fent suggeriments de viabilitat t\u00e8cnica i econ\u00f2mica de l&#8217;aplicaci\u00f3, incloent les especificacions t\u00e8cniques, el \u00abproject finance\u00bb, equips, materials , serveis i implementacions reals, a m\u00e9s de la gesti\u00f3 i el maneig dels resultats de el projecte despr\u00e9s de la fi de les intervencions.<\/p>\n<p>[\/vc_column_text][vc_row_inner][vc_column_inner width=&#8221;1\/2&#8243;][vc_single_image image=&#8221;945&#8243; img_size=&#8221;full&#8221; alignment=&#8221;center&#8221; css=&#8221;.vc_custom_1615451609932{margin-bottom: 5px !important;}&#8221;][\/vc_column_inner][vc_column_inner width=&#8221;1\/2&#8243;][vc_single_image image=&#8221;947&#8243; img_size=&#8221;full&#8221; alignment=&#8221;center&#8221; css=&#8221;.vc_custom_1615451617717{margin-bottom: 5px !important;}&#8221;][\/vc_column_inner][\/vc_row_inner][\/vc_column][\/vc_row][vc_row full_width=&#8221;stretch_row&#8221; overlay_dotted=&#8221;&#8221; css=&#8221;.vc_custom_1615449814453{padding-bottom: 2% !important;}&#8221;][vc_column][vc_empty_space height=&#8221;120px&#8221; el_id=&#8221;ing_ele&#8221;]<div class=\"section-title-wrap  xrton-stitle-69db00267147b-4-enginyeria-electrica caption-left no-need-bg  \"><h2 class=\"section-title\"><strong>4.<\/strong> Enginyeria el\u00e8ctrica<\/h2><\/div>[vc_row_inner][vc_column_inner width=&#8221;2\/3&#8243;][vc_column_text]Realitzem diferents projectes d&#8217;enginyeria el\u00e8ctrica Depenent de la complexitat de la instal\u00b7laci\u00f3 el\u00e8ctrica d&#8217;aquest i de la pot\u00e8ncia m\u00e0xima instal\u00b7lada, pot ser necessari un projecte el\u00e8ctric i un certificat d&#8217;inici i final d&#8217;obra que certifiqui la concordan\u00e7a de el projecte amb la Instal\u00b7laci\u00f3 El\u00e8ctrica.<\/p>\n<p>Dissenyem diferents tipus d&#8217;instal\u00b7lacions, quadres o sistemes el\u00e8ctrics per a diferents sectors industrials.[\/vc_column_text][\/vc_column_inner][vc_column_inner width=&#8221;1\/3&#8243;][vc_single_image image=&#8221;950&#8243; img_size=&#8221;full&#8221; alignment=&#8221;center&#8221; css=&#8221;.vc_custom_1615451623410{margin-bottom: 5px !important;}&#8221;][\/vc_column_inner][\/vc_row_inner][\/vc_column][\/vc_row][vc_row overlay_dotted=&#8221;&#8221; css=&#8221;.vc_custom_1548997454479{padding-bottom: 2% !important;}&#8221;][vc_column][vc_empty_space height=&#8221;120px&#8221; el_id=&#8221;man_ind&#8221;]<div class=\"section-title-wrap  xrton-stitle-69db00267149c-5-manteniment-industrial caption-left no-need-bg  \"><h2 class=\"section-title\"><strong>5.<\/strong> Manteniment industrial<\/h2><\/div>[vc_row_inner][vc_column_inner width=&#8221;2\/3&#8243;][vc_column_text]<\/p>\n<p style=\"text-align: justify;\">A LEDR el Manteniment industrial \u00e9s el control constant de les instal\u00b7lacions i components, aix\u00ed com del conjunt de treballs de reparaci\u00f3 i revisi\u00f3 necess\u00e0ria per garantir el funcionament regular i el bon estat de conservaci\u00f3 d&#8217;un sistema.<br \/>\nHabitualment ens permet una divisi\u00f3 fonamentada m\u00e9s en l&#8217;orientaci\u00f3 met\u00f2dica o filosofia dels plans. Entre elles es troben les seg\u00fcents:<\/p>\n<ul>\n<li>Manteniment correctiu.<\/li>\n<li>Manteniment preventiu.<\/li>\n<li>Manteniment predictiu.<\/li>\n<li>Manteniment productiu total.<\/li>\n<\/ul>\n<p style=\"text-align: justify;\">Solucions integrals en Manteniment Industrial a la mida de la seva empresa. Assegurem el correcte funcionament de les instal\u00b7lacions del seu negoci.<\/p>\n<p>[\/vc_column_text][\/vc_column_inner][vc_column_inner width=&#8221;1\/3&#8243;][vc_single_image image=&#8221;956&#8243; img_size=&#8221;full&#8221; alignment=&#8221;center&#8221; css=&#8221;.vc_custom_1615450821900{margin-bottom: 5px !important;}&#8221;][vc_single_image image=&#8221;958&#8243; img_size=&#8221;full&#8221; alignment=&#8221;center&#8221; css=&#8221;.vc_custom_1615451630373{margin-bottom: 5px !important;}&#8221;][\/vc_column_inner][\/vc_row_inner][\/vc_column][\/vc_row][vc_row full_width=&#8221;stretch_row&#8221; overlay_dotted=&#8221;&#8221; css=&#8221;.vc_custom_1615449826927{padding-bottom: 2% !important;}&#8221;][vc_column][vc_empty_space height=&#8221;120px&#8221; el_id=&#8221;mon_ind&#8221;]<div class=\"section-title-wrap  xrton-stitle-69db00267149e-6-muntatges-industrials caption-left no-need-bg  \"><h2 class=\"section-title\"><strong>6.<\/strong> Muntatges industrials<\/h2><\/div>[vc_row_inner][vc_column_inner width=&#8221;2\/3&#8243;][vc_column_text]LEDR compte en la seva pr\u00f2pia organitzaci\u00f3 amb un grup de professionals de diferents disciplines i titulacions que posseeixen una contrastada experi\u00e8ncia en els diferents camps relacionats amb la ind\u00fastria.<\/p>\n<p>Aix\u00ed mateix, per a la materialitzaci\u00f3 dels projectes disposem d&#8217;un nodrit equip hum\u00e0 amb un elevat nivell t\u00e8cnic i professional fruit de l&#8217;experi\u00e8ncia acumulada al llarg dels m\u00e9s de 25 anys de traject\u00f2ria de la nostra empresa.[\/vc_column_text][\/vc_column_inner][vc_column_inner width=&#8221;1\/3&#8243;][vc_single_image image=&#8221;950&#8243; img_size=&#8221;full&#8221; alignment=&#8221;center&#8221; css=&#8221;.vc_custom_1615451635672{margin-bottom: 5px !important;}&#8221;][\/vc_column_inner][\/vc_row_inner][\/vc_column][\/vc_row][vc_row overlay_dotted=&#8221;&#8221; css=&#8221;.vc_custom_1548997454479{padding-bottom: 2% !important;}&#8221;][vc_column][vc_empty_space height=&#8221;120px&#8221; el_id=&#8221;pos_ven&#8221;]<div class=\"section-title-wrap  xrton-stitle-69db002671548-7-servei-post-venda caption-left no-need-bg  \"><h2 class=\"section-title\"><strong>7.<\/strong> Servei Post-venda<\/h2><\/div>[vc_row_inner][vc_column_inner width=&#8221;2\/3&#8243;][vc_column_text]<\/p>\n<p style=\"text-align: justify;\">El servei post venda a LEDR \u00e9s seguir oferint atenci\u00f3 a client despr\u00e9s de la compra i \u00e9s tan fonamental com les altres estrat\u00e8gies que hem implementat en els diferents serveis que oferim.<\/p>\n<p>&nbsp;<\/p>\n<table style=\"max-width: 600px;\">\n<tbody>\n<tr>\n<td>ENGINYERIA INDUSTRIAL<\/td>\n<td>ENGINYERIA de PROCESSOS<\/td>\n<\/tr>\n<tr>\n<td>EFICI\u00c8NCIA ENERG\u00c8TICA<\/td>\n<td>ENGINYERIA ELECTRICA<\/td>\n<\/tr>\n<tr>\n<td>MANTENIMENT INDUSTRIAL<\/td>\n<td>MUNTATGES INDUSTRIALS<\/td>\n<\/tr>\n<\/tbody>\n<\/table>\n<p>[\/vc_column_text][\/vc_column_inner][vc_column_inner width=&#8221;1\/3&#8243;][vc_single_image image=&#8221;952&#8243; img_size=&#8221;full&#8221; alignment=&#8221;center&#8221; css=&#8221;.vc_custom_1615451640249{margin-bottom: 5px !important;}&#8221;][\/vc_column_inner][\/vc_row_inner][\/vc_column][\/vc_row]<\/p>\n<\/div>","protected":false},"excerpt":{"rendered":"[vc_row overlay_dotted=&#8221;&#8221; css=&#8221;.vc_custom_1548997454479{padding-bottom: 2% !important;}&#8221;][vc_column][vc_column_text] A LEDR desenvolupem els projectes d&#8217;enginyeria, per a la millora i instal\u00b7laci\u00f3 de sistemes integrats de persones, materials, informaci\u00f3, equip i energia. Ens basem en el coneixement especialitzat de la nostra experi\u00e8ncia basada en m\u00e8todes d&#8217;an\u00e0lisi d&#8217;enginyeria i disseny, per especificar, predir i avaluar els resultats que s&#8217;obtinguin de tals [&#8230;]","protected":false},"author":1,"featured_media":0,"parent":0,"menu_order":0,"comment_status":"closed","ping_status":"closed","template":"","meta":{"footnotes":""},"class_list":["post-1528","page","type-page","status-publish","hentry"],"_links":{"self":[{"href":"https:\/\/ledr-ingenieria.com\/ca\/wp-json\/wp\/v2\/pages\/1528","targetHints":{"allow":["GET"]}}],"collection":[{"href":"https:\/\/ledr-ingenieria.com\/ca\/wp-json\/wp\/v2\/pages"}],"about":[{"href":"https:\/\/ledr-ingenieria.com\/ca\/wp-json\/wp\/v2\/types\/page"}],"author":[{"embeddable":true,"href":"https:\/\/ledr-ingenieria.com\/ca\/wp-json\/wp\/v2\/users\/1"}],"replies":[{"embeddable":true,"href":"https:\/\/ledr-ingenieria.com\/ca\/wp-json\/wp\/v2\/comments?post=1528"}],"version-history":[{"count":3,"href":"https:\/\/ledr-ingenieria.com\/ca\/wp-json\/wp\/v2\/pages\/1528\/revisions"}],"predecessor-version":[{"id":1547,"href":"https:\/\/ledr-ingenieria.com\/ca\/wp-json\/wp\/v2\/pages\/1528\/revisions\/1547"}],"wp:attachment":[{"href":"https:\/\/ledr-ingenieria.com\/ca\/wp-json\/wp\/v2\/media?parent=1528"}],"curies":[{"name":"wp","href":"https:\/\/api.w.org\/{rel}","templated":true}]}}