{"id":1549,"date":"2019-02-12T12:05:51","date_gmt":"2019-02-12T12:05:51","guid":{"rendered":"http:\/\/ledr-ingenieria.com\/new\/home-v1\/"},"modified":"2026-02-11T13:59:07","modified_gmt":"2026-02-11T12:59:07","slug":"home-v1","status":"publish","type":"page","link":"https:\/\/ledr-ingenieria.com\/ca\/","title":{"rendered":"Inici LEDR"},"content":{"rendered":"<div class=\"wpb-content-wrapper\"><p>[vc_row full_width=&#8221;stretch_row_content_no_spaces&#8221; overlay_dotted=&#8221;&#8221;][vc_column]<section class=\"swiper-container swiper-slides  xrton-slider-69deda574c172 \" data-loop=\"true\" data-autoplay=\"false\"><div class=\"swiper-wrapper\"><div class=\"swiper-slide \" style=\"background-image: url(https:\/\/ledr-ingenieria.com\/wp-content\/uploads\/2021\/02\/Ledr-slider07.jpg);\">\n                    <div class=\"caption-wrap\">\n                      <div class=\"xrton-table-wrap\">\n                        <div class=\"xrton-align-wrap\">\n                          <div class=\"container\">\n                            <div class=\"caption-wrap-inner\"><h4 class=\"caption-subtitle animated\" data-animation=\"fadeInUp\">Serveis d'Enginyeria, Manteniment, Conducci\u00f3 i Muntatge d'instal\u00b7lacions<\/h4><h1 class=\"caption-title animated\" data-animation=\"fadeInUp\">Sector Automoci\u00f3<\/h1><div class=\"xrton-btns-group animated\" data-animation=\"fadeInUp\"><a href=\"\/ca\/sectores\/automocion\/\" class=\"xrton-btn\"><span class=\"xrton-btn-text\">M\u00e9s informaci\u00f3<\/span><\/a><\/div>\n                            <\/div>\n                          <\/div>\n                        <\/div>\n                      <\/div>\n                    <\/div>\n                  <\/div><div class=\"swiper-slide \" style=\"background-image: url(https:\/\/ledr-ingenieria.com\/wp-content\/uploads\/2021\/04\/LEDR-sector-farmaceutico-A0.jpg);\">\n                    <div class=\"caption-wrap\">\n                      <div class=\"xrton-table-wrap\">\n                        <div class=\"xrton-align-wrap\">\n                          <div class=\"container\">\n                            <div class=\"caption-wrap-inner\"><h4 class=\"caption-subtitle animated\" data-animation=\"fadeInUp\">Manteniment integral amb serveis personalitzats<\/h4><h1 class=\"caption-title animated\" data-animation=\"fadeInUp\">Sector Farmac\u00e8utic<\/h1><div class=\"xrton-btns-group animated\" data-animation=\"fadeInUp\"><a href=\"\/ca\/sectores\/farmaceutico\/\" class=\"xrton-btn\"><span class=\"xrton-btn-text\">M\u00e9s informaci\u00f3<\/span><\/a><\/div>\n                            <\/div>\n                          <\/div>\n                        <\/div>\n                      <\/div>\n                    <\/div>\n                  <\/div><div class=\"swiper-slide \" style=\"background-image: url(https:\/\/ledr-ingenieria.com\/wp-content\/uploads\/2021\/02\/Ledr-slider03.jpg);\">\n                    <div class=\"caption-wrap\">\n                      <div class=\"xrton-table-wrap\">\n                        <div class=\"xrton-align-wrap\">\n                          <div class=\"container\">\n                            <div class=\"caption-wrap-inner\"><h4 class=\"caption-subtitle animated\" data-animation=\"fadeInUp\">Optimitzaci\u00f3 de la Gesti\u00f3 de Servei i Sistemes de Supervisi\u00f3<\/h4><h1 class=\"caption-title animated\" data-animation=\"fadeInUp\">Sector Metal\u00b7l\u00fargic<\/h1><div class=\"xrton-btns-group animated\" data-animation=\"fadeInUp\"><a href=\"\/ca\/sectores\/metalurgico\/\" class=\"xrton-btn\"><span class=\"xrton-btn-text\">M\u00e9s informaci\u00f3<\/span><\/a><\/div>\n                            <\/div>\n                          <\/div>\n                        <\/div>\n                      <\/div>\n                    <\/div>\n                  <\/div><\/div><div class=\"swiper-pagination\"><\/div><\/section>[\/vc_column][\/vc_row][vc_row overlay_dotted=&#8221;&#8221;][vc_column]<div class=\"xrton-aboutus  xrton-aboutus-69deda574c844\"><div class=\"container\"><div class=\"aboutus-wrap\"><div class=\"row align-items-center\"><div class=\"col-lg-6 order-lg-2\">\n                      <div class=\"about-image\">\n                        <img decoding=\"async\" src=\"https:\/\/ledr-ingenieria.com\/wp-content\/uploads\/2021\/04\/LEDR-diseno-y-tecnologia.jpg\" alt=\"About Us\">\n                      <\/div>\n                    <\/div>\n                    <div class=\"col-lg-6 order-lg-1\">\n                      <div class=\"about-info\">\n                        <div class=\"section-title-wrap section-title-style-two\">\n                          <h2 class=\"section-title\">Disseny i tecnologia<br>per a un mon millor<\/h2>\n                        <\/div>\n                        <p>Actualment Ledr est\u00e0 orientada a la participaci\u00f3 en projectes d'alt valor afegit, sempre dins l'\u00e0mbit industrial, aplicant la tecnologia m\u00e9s avantguardista existent en el mercat i sent respectuosos amb el medi ambient.<\/p><div class=\"xrton-btns-group\"><a href=\"http:\/\/ledr-ingenieria.com\/ca\/empresa\/\" class=\"xrton-btn xrton-yellow-border-btn\" ><span class=\"xrton-btn-text\">L'EMPRESA<\/span><\/a><\/div>    \n                      <\/div>\n                    <\/div><\/div><\/div><\/div><\/div>[\/vc_column][\/vc_row][vc_row full_width=&#8221;stretch_row_content_no_spaces&#8221; parallax=&#8221;content-moving&#8221; parallax_image=&#8221;868&#8243; parallax_speed_bg=&#8221;1.0&#8243; overlay_dotted=&#8221;true&#8221; overlay_color=&#8221;rgba(13,23,33,0.9)&#8221; css=&#8221;.vc_custom_1551246572248{background-image: url(https:\/\/victorthemes.com\/themes\/exertion\/wp-content\/uploads\/2019\/01\/quote-bg.png?id=128) !important;}&#8221;][vc_column]\r\n    <section class=\"xrton-quote  xrton-quote-69deda574cb89 \">\r\n      <div class=\"container\">\r\n        <h2 class=\"quote-title\">&#039;&#039;Apliquem la tecnologia m\u00e9s avantguardista existent en el mercat&#039;&#039;<\/h2>\r\n        <p>LEDR Enginteria i Serveis<\/p>\r\n      <\/div>\r\n    <\/section>\r\n\r\n    [\/vc_column][\/vc_row][vc_row full_width=&#8221;stretch_row_content_no_spaces&#8221; overlay_dotted=&#8221;&#8221;][vc_column][\/vc_column][\/vc_row][vc_row full_width=&#8221;stretch_row&#8221; overlay_dotted=&#8221;&#8221;][vc_column]\n    <section class=\"xrton-projects project-style-one xrton-portfolio-69deda574cb8a custom\">\n      <div class=\"  container\">\n\n                  <div class=\"row\">\n            <div class=\"col-md-6\">\n              <div class=\"section-title-wrap section-title-style-two\">\n                <h2 class=\"section-title\">Projectes<\/h2>\n              <\/div>\n            <\/div>\n            <div class=\"col-md-6 textright\">\n              <a href=\"http:\/\/ledr-ingenieria.com\/ca\/proyectos\/\" class=\"xrton-btn xrton-small-btn\" target=\"_blank\" >\n                <span>VEURE TOT<\/span>\n              <\/a>\n            <\/div>\n          <\/div>\n        \n        <div class=\"projects-wrap \">\n\n          <div class=\"row\"><div class=\"col-lg-6 col-md-6\">\n                  <div class=\"project-item\">\n                    <div class=\"xrton-image\">\n                      <a href=\"https:\/\/ledr-ingenieria.com\/ca\/proyecto\/casa-seat\/\"><img decoding=\"async\" src=\"https:\/\/ledr-ingenieria.com\/wp-content\/uploads\/2019\/02\/Casa-Seat-A2-570x490.jpg\" alt=\"Casa SEAT\"><\/a>\n                    <\/div>\n                    <div class=\"project-info\">\n                      <div class=\"xrton-table-wrap\">\n                        <div class=\"xrton-align-wrap\">\n                          <h4 class=\"project-title\"><a href=\"https:\/\/ledr-ingenieria.com\/ca\/proyecto\/casa-seat\/\">Casa SEAT<\/a><\/h4>\n                          <p>\n                            <a href=\"https:\/\/ledr-ingenieria.com\/ca\/categoria-de-proyecto_cat\/manteniment\/\">Manteniment<\/a>  <a href=\"https:\/\/ledr-ingenieria.com\/ca\/categoria-de-proyecto_cat\/planificacio\/\">Planificaci\u00f3<\/a>                            <\/p>\n                        <\/div>\n                      <\/div>\n                    <\/div>\n                  <\/div>\n\n                <\/div>\n              <div class=\"col-lg-6 col-md-6\">\n                  <div class=\"project-item\">\n                    <div class=\"xrton-image\">\n                      <a href=\"https:\/\/ledr-ingenieria.com\/ca\/proyecto\/puesta-en-marcha-mb-vitoria\/\"><img decoding=\"async\" src=\"https:\/\/ledr-ingenieria.com\/wp-content\/uploads\/2019\/02\/cobots-star-up-mb-vitoria-A0-570x490.jpg\" alt=\"Posada en marxa MB Vit\u00f2ria\"><\/a>\n                    <\/div>\n                    <div class=\"project-info\">\n                      <div class=\"xrton-table-wrap\">\n                        <div class=\"xrton-align-wrap\">\n                          <h4 class=\"project-title\"><a href=\"https:\/\/ledr-ingenieria.com\/ca\/proyecto\/puesta-en-marcha-mb-vitoria\/\">Posada en marxa MB Vit\u00f2ria<\/a><\/h4>\n                          <p>\n                            <a href=\"https:\/\/ledr-ingenieria.com\/ca\/categoria-de-proyecto_cat\/manteniment\/\">Manteniment<\/a>  <a href=\"https:\/\/ledr-ingenieria.com\/ca\/categoria-de-proyecto_cat\/optimitzacio\/\">Optimitzaci\u00f3<\/a>                            <\/p>\n                        <\/div>\n                      <\/div>\n                    <\/div>\n                  <\/div>\n\n                <\/div>\n              <\/div>\n        <\/div>\n\n      <\/div>\n    <\/section>\n\n    [\/vc_column][\/vc_row][vc_row full_width=&#8221;stretch_row&#8221; content_placement=&#8221;middle&#8221; overlay_dotted=&#8221;&#8221; css=&#8221;.vc_custom_1613378811964{padding-top: 10% !important;padding-bottom: 8% !important;background-color: #f7f7f7 !important;}&#8221;][vc_column need_animation=&#8221;&#8221; offset=&#8221;vc_col-lg-7 vc_col-md-6 vc_col-xs-12&#8243;][vc_single_image image=&#8221;1561&#8243; img_size=&#8221;full&#8221; alignment=&#8221;center&#8221;][\/vc_column][vc_column need_animation=&#8221;&#8221; offset=&#8221;vc_col-lg-5 vc_col-md-6 vc_col-xs-12&#8243;]<div class=\"section-title-wrap  xrton-stitle-69deda574ef9c-experiencia-en-els-projectes-realitzats caption-left need-bg  \"><h2 class=\"section-title\">Experi\u00e8ncia en els projectes realitzats<\/h2><\/div><div class=\"xrton-excellence \">\r\n\t\t      \t\t\t\t<div class=\"container\">\t\t\t\r\n\t\t\t\t\t\t\t          <div class=\"excellence-info\">\r\n\t\t\t\t\t\t\t            <div class=\"progress-wrap\"><div class=\"progress-item\">\r\n\t                  <p>Enginyeria Industrial<\/p>\r\n\t                  <div class=\"progress\">\r\n\t                    <div class=\"progress-bar\" role=\"progressbar\" aria-valuenow=\"98\" aria-valuemin=\"0\" aria-valuemax=\"100\">\r\n\t                      <span class=\"progress-counter\">98%<\/span>\r\n\t                    <\/div>\r\n\t                  <\/div>\r\n\t                <\/div><div class=\"progress-item\">\r\n\t                  <p>Manteniment<\/p>\r\n\t                  <div class=\"progress\">\r\n\t                    <div class=\"progress-bar\" role=\"progressbar\" aria-valuenow=\"95\" aria-valuemin=\"0\" aria-valuemax=\"100\">\r\n\t                      <span class=\"progress-counter\">95%<\/span>\r\n\t                    <\/div>\r\n\t                  <\/div>\r\n\t                <\/div><div class=\"progress-item\">\r\n\t                  <p>Construcci\u00f3 Industrial<\/p>\r\n\t                  <div class=\"progress\">\r\n\t                    <div class=\"progress-bar\" role=\"progressbar\" aria-valuenow=\"93\" aria-valuemin=\"0\" aria-valuemax=\"100\">\r\n\t                      <span class=\"progress-counter\">93%<\/span>\r\n\t                    <\/div>\r\n\t                  <\/div>\r\n\t                <\/div><\/div>\r\n            <\/div>\r\n      <\/div>\r\n    <\/div>[\/vc_column][\/vc_row][vc_row overlay_dotted=&#8221;&#8221;][vc_column need_animation=&#8221;&#8221; offset=&#8221;vc_hidden-lg vc_hidden-md vc_hidden-sm vc_hidden-xs&#8221;]<div class=\"xrton-client \"><div class=\"container\"><div class=\"client-wrap\"><div class=\"owl-carousel\" data-dots=\"false\" data-nav=\"false\" data-loop=\"true\" data-items=\"5\" data-margin=\"120\" data-mouse-drag=\"true\" data-items-tablet=\"3\" data-items-mobile-landscape=\"2\" data-items-mobile-portrait=\"1\"><div class=\"item \" ><div class=\"client-item\"><div class=\"xrton-image\"><a href=\"#0\" target=\"_blank\" class=\"client-logo\"><img decoding=\"async\"  src=\"https:\/\/ledr-ingenieria.com\/wp-content\/uploads\/2019\/01\/dark-logo-1.png\" alt=\"aa\" style=\"width: 141px;height: 103px;\" ><\/a><\/div><\/div><\/div><div class=\"item \" ><div class=\"client-item\"><div class=\"xrton-image\"><a href=\"#0\" target=\"_blank\" class=\"client-logo\"><img decoding=\"async\"  src=\"https:\/\/ledr-ingenieria.com\/wp-content\/uploads\/2019\/01\/dark-logo-1.png\" alt=\"aa\" style=\"width: 141px;height: 103px;\" ><\/a><\/div><\/div><\/div><div class=\"item \" ><div class=\"client-item\"><div class=\"xrton-image\"><a href=\"#0\" target=\"_blank\" class=\"client-logo\"><img decoding=\"async\"  src=\"https:\/\/ledr-ingenieria.com\/wp-content\/uploads\/2019\/01\/dark-logo-1.png\" alt=\"aa\" style=\"width: 141px;height: 103px;\" ><\/a><\/div><\/div><\/div><div class=\"item \" ><div class=\"client-item\"><div class=\"xrton-image\"><a href=\"#0\" target=\"_blank\" class=\"client-logo\"><img decoding=\"async\"  src=\"https:\/\/ledr-ingenieria.com\/wp-content\/uploads\/2019\/01\/dark-logo-1.png\" alt=\"aa\" style=\"width: 141px;height: 103px;\" ><\/a><\/div><\/div><\/div><div class=\"item \" ><div class=\"client-item\"><div class=\"xrton-image\"><a href=\"#0\" target=\"_blank\" class=\"client-logo\"><img decoding=\"async\"  src=\"https:\/\/ledr-ingenieria.com\/wp-content\/uploads\/2019\/01\/dark-logo-1.png\" alt=\"aa\" style=\"width: 141px;height: 103px;\" ><\/a><\/div><\/div><\/div><\/div><\/div><\/div><\/div>[\/vc_column][\/vc_row][vc_row full_width=&#8221;stretch_row_content_no_spaces&#8221; overlay_dotted=&#8221;&#8221; css=&#8221;.vc_custom_1613378823495{background-color: #0d1721 !important;}&#8221;][vc_column need_animation=&#8221;&#8221; offset=&#8221;vc_hidden-lg vc_hidden-md vc_hidden-sm vc_hidden-xs&#8221;]<div class=\"xrton-process xrton-lines-wrap xrton-white-lines  xrton-process-69deda574f330\">\r\n\t\t\t\t\t\t\t    \t<div class=\"xrton-vertical-lines\">\r\n\t\t\t\t\t\t\t        <div class=\"container\">\r\n\t\t\t\t\t\t\t          <div class=\"row\">\r\n\t\t\t\t\t\t\t            <div class=\"col-4\">\r\n\t\t\t\t\t\t\t              <div class=\"vertical-line\"><\/div>\r\n\t\t\t\t\t\t\t            <\/div>\r\n\t\t\t\t\t\t\t            <div class=\"col-4\">\r\n\t\t\t\t\t\t\t              <div class=\"vertical-line\"><\/div>\r\n\t\t\t\t\t\t\t            <\/div>\r\n\t\t\t\t\t\t\t            <div class=\"col-4\">\r\n\t\t\t\t\t\t\t              <div class=\"vertical-line\"><\/div>\r\n\t\t\t\t\t\t\t            <\/div>\r\n\t\t\t\t\t\t\t          <\/div>\r\n\t\t\t\t\t\t\t        <\/div>\r\n\t\t\t\t\t\t\t      <\/div>\r\n\t\t\t\t\t\t\t      <div class=\"container\"><div class=\"row\"><div class=\"col-lg-4 col-sm-6\">\r\n\t\t    \t\t\t\t\t\t\t<div class=\"process-item\">\r\n\t\t                \t\t<div class=\"xrton-icon\">\r\n                          <div class=\"xrton-table-wrap\">\r\n                            <div class=\"xrton-align-wrap\">\r\n                              <img decoding=\"async\" src=\"https:\/\/ledr-ingenieria.com\/wp-content\/uploads\/2019\/01\/service-image-retina-1.png\" alt=\"\">\r\n                            <\/div>\r\n                          <\/div>\r\n                        <\/div>\r\n\t\t\t\t                  <h4 class=\"process-title\"><a href=\"#\" target=\"_self\">1. Planing &amp; Designing<\/a><\/h4><p>Constructor explains how you can enjoy high end flooring trends like textured wood and realistic stones with new laminate flooring.<\/p><div class=\"xrton-btns-group\"><a href=\"#\" target=\"_self\" class=\"xrton-btn xrton-transparent-btn\"><span>READ MORE<\/span><\/a><\/div>\r\n\t\t\t\t              <\/div>\r\n\t\t\t\t            <\/div><div class=\"col-lg-4 col-sm-6\">\r\n\t\t    \t\t\t\t\t\t\t<div class=\"process-item\">\r\n\t\t                \t\t<div class=\"xrton-icon\">\r\n                          <div class=\"xrton-table-wrap\">\r\n                            <div class=\"xrton-align-wrap\">\r\n                              <img decoding=\"async\" src=\"https:\/\/ledr-ingenieria.com\/wp-content\/uploads\/2019\/01\/service-image-retina-1.png\" alt=\"\">\r\n                            <\/div>\r\n                          <\/div>\r\n                        <\/div>\r\n\t\t\t\t                  <h4 class=\"process-title\"><a href=\"#\" target=\"_self\">2. Implementation<\/a><\/h4><p>Professional construction services from house renovations and remodeling, green building and small scope work, like painting.<\/p><div class=\"xrton-btns-group\"><a href=\"#\" target=\"_self\" class=\"xrton-btn xrton-transparent-btn\"><span>READ MORE<\/span><\/a><\/div>\r\n\t\t\t\t              <\/div>\r\n\t\t\t\t            <\/div><div class=\"col-lg-4 col-sm-6\">\r\n\t\t    \t\t\t\t\t\t\t<div class=\"process-item\">\r\n\t\t                \t\t<div class=\"xrton-icon\">\r\n                          <div class=\"xrton-table-wrap\">\r\n                            <div class=\"xrton-align-wrap\">\r\n                              <img decoding=\"async\" src=\"https:\/\/ledr-ingenieria.com\/wp-content\/uploads\/2019\/01\/service-image-retina-1.png\" alt=\"\">\r\n                            <\/div>\r\n                          <\/div>\r\n                        <\/div>\r\n\t\t\t\t                  <h4 class=\"process-title\"><a href=\"#\" target=\"_self\">3. Evaluation<\/a><\/h4><p>Our highly educated staff will make sure that your project will be finished on time and specified budget house & remodeling.<\/p><div class=\"xrton-btns-group\"><a href=\"#\" target=\"_self\" class=\"xrton-btn xrton-transparent-btn\"><span>READ MORE<\/span><\/a><\/div>\r\n\t\t\t\t              <\/div>\r\n\t\t\t\t            <\/div><\/div><\/div><\/div>[\/vc_column][\/vc_row][vc_row overlay_dotted=&#8221;&#8221; css=&#8221;.vc_custom_1551766982071{padding-top: 8% !important;padding-bottom: 8% !important;}&#8221;][vc_column]\n    <!-- Blog Start -->\n    <section class=\"xrton-news news-spacer-one  xrton-post-69deda574f4fa \">\n    \t<div class=\"container\">\n\n                  <div class=\"section-title-wrap\">\n            <h2 class=\"section-title\">\u00daltimes Not\u00edcies<\/h2>\n          <\/div>\n        \n      \t<div class=\"news-wrap\">\n        \t<div class=\"row\">\n            \t<div class=\"col-lg-6 xrton-blog-col-two\">\n              \t<div class=\"news-item\">\n\t\t          \t\t<div id=\"post-1270\" class=\"xrton-blog-item  post-1270 post type-post status-publish format-standard has-post-thumbnail hentry category-general-ca tag-certificacio-iso tag-qualitat\">\n\t\t            \t\n\t\t          \t\t\t<div class=\"xrton-image\">\n\t\t                  <img decoding=\"async\" src=\"https:\/\/ledr-ingenieria.com\/wp-content\/uploads\/2019\/02\/LEDR-certified-by-DNV-A1-560x360.jpg\" alt=\"LEDR, empresa certificada iso 9001 i 14001\">\n\t\t                <\/div>\n\n\t\t                <div class=\"news-info\">\n\t\t                  <div class=\"news-meta\">\n\t\t                    <ul>\n\t\t                    \t<li class=\"zlon-blog-cats\"><a href=\"https:\/\/ledr-ingenieria.com\/ca\/category\/general-ca\/\" rel=\"category tag\">General<\/a><\/li>\t\t                    <\/ul>\n\t\t                  <\/div>\n\t\t                  <h4 class=\"news-title\">\n\t\t                  \t<a href=\"https:\/\/ledr-ingenieria.com\/ca\/ledr-empresa-certificada-iso-9001-y-14001\/\">LEDR, empresa certificada iso 9001 i 14001<\/a>\n\t\t                  <\/h4>\n                      \t\t                <\/div>\n\n\t\t          \t\t<\/div>\n\t\t          \t<\/div>\n\t\t          <\/div>\n\n\t\t        \n            \t<div class=\"col-lg-6 xrton-blog-col-two\">\n              \t<div class=\"news-item\">\n\t\t          \t\t<div id=\"post-1274\" class=\"xrton-blog-item  post-1274 post type-post status-publish format-standard has-post-thumbnail hentry category-integracio category-software-ca tag-automocio tag-software-industrial-ca\">\n\t\t            \t\n\t\t          \t\t\t<div class=\"xrton-image\">\n\t\t                  <img decoding=\"async\" src=\"https:\/\/ledr-ingenieria.com\/wp-content\/uploads\/2021\/02\/Ledr-mantenimiento-industrial-avanzado-A-560x360.jpg\" alt=\"Projecte conjunt LedR i Sisteplant\">\n\t\t                <\/div>\n\n\t\t                <div class=\"news-info\">\n\t\t                  <div class=\"news-meta\">\n\t\t                    <ul>\n\t\t                    \t<li class=\"zlon-blog-cats\"><a href=\"https:\/\/ledr-ingenieria.com\/ca\/category\/integracio\/\" rel=\"category tag\">Integraci\u00f3<\/a>,<a href=\"https:\/\/ledr-ingenieria.com\/ca\/category\/software-ca\/\" rel=\"category tag\">Software<\/a><\/li>\t\t                    <\/ul>\n\t\t                  <\/div>\n\t\t                  <h4 class=\"news-title\">\n\t\t                  \t<a href=\"https:\/\/ledr-ingenieria.com\/ca\/proyecto-conjunto-ledr-y-sisteplant\/\">Projecte conjunt LedR i Sisteplant<\/a>\n\t\t                  <\/h4>\n                      \t\t                <\/div>\n\n\t\t          \t\t<\/div>\n\t\t          \t<\/div>\n\t\t          <\/div>\n\n\t\t        <\/div>          <!-- Blog End -->\n        <\/div>\n\n         \n      <\/div>\n    <\/section>\n\n    <div class=\"xrton-btns-group  xrton-btn-69deda5751503 cpation-center button-one \"><a href=\"http:\/\/ledr-ingenieria.com\/ca\/blog\/\" class=\"xrton-btn \"><span class=\"xrton-btn-text\">Not\u00edcies<\/span><\/a><\/div>[\/vc_column][\/vc_row]<\/p>\n<\/div>","protected":false},"excerpt":{"rendered":"[vc_row full_width=&#8221;stretch_row_content_no_spaces&#8221; overlay_dotted=&#8221;&#8221;][vc_column][\/vc_column][\/vc_row][vc_row overlay_dotted=&#8221;&#8221;][vc_column][\/vc_column][\/vc_row][vc_row full_width=&#8221;stretch_row_content_no_spaces&#8221; parallax=&#8221;content-moving&#8221; parallax_image=&#8221;868&#8243; parallax_speed_bg=&#8221;1.0&#8243; overlay_dotted=&#8221;true&#8221; overlay_color=&#8221;rgba(13,23,33,0.9)&#8221; css=&#8221;.vc_custom_1551246572248{background-image: url(https:\/\/victorthemes.com\/themes\/exertion\/wp-content\/uploads\/2019\/01\/quote-bg.png?id=128) !important;}&#8221;][vc_column][\/vc_column][\/vc_row][vc_row full_width=&#8221;stretch_row_content_no_spaces&#8221; overlay_dotted=&#8221;&#8221;][vc_column][\/vc_column][\/vc_row][vc_row full_width=&#8221;stretch_row&#8221; overlay_dotted=&#8221;&#8221;][vc_column][\/vc_column][\/vc_row][vc_row full_width=&#8221;stretch_row&#8221; content_placement=&#8221;middle&#8221; overlay_dotted=&#8221;&#8221; css=&#8221;.vc_custom_1613378811964{padding-top: 10% !important;padding-bottom: 8% !important;background-color: #f7f7f7 !important;}&#8221;][vc_column need_animation=&#8221;&#8221; offset=&#8221;vc_col-lg-7 vc_col-md-6 vc_col-xs-12&#8243;][vc_single_image image=&#8221;1561&#8243; img_size=&#8221;full&#8221; alignment=&#8221;center&#8221;][\/vc_column][vc_column need_animation=&#8221;&#8221; offset=&#8221;vc_col-lg-5 vc_col-md-6 vc_col-xs-12&#8243;][\/vc_column][\/vc_row][vc_row overlay_dotted=&#8221;&#8221;][vc_column need_animation=&#8221;&#8221; offset=&#8221;vc_hidden-lg vc_hidden-md vc_hidden-sm vc_hidden-xs&#8221;][\/vc_column][\/vc_row][vc_row full_width=&#8221;stretch_row_content_no_spaces&#8221; overlay_dotted=&#8221;&#8221; css=&#8221;.vc_custom_1613378823495{background-color: #0d1721 !important;}&#8221;][vc_column need_animation=&#8221;&#8221; offset=&#8221;vc_hidden-lg vc_hidden-md vc_hidden-sm vc_hidden-xs&#8221;][\/vc_column][\/vc_row][vc_row overlay_dotted=&#8221;&#8221; [&#8230;]","protected":false},"author":1,"featured_media":0,"parent":0,"menu_order":0,"comment_status":"closed","ping_status":"closed","template":"","meta":{"footnotes":""},"class_list":["post-1549","page","type-page","status-publish","hentry"],"_links":{"self":[{"href":"https:\/\/ledr-ingenieria.com\/ca\/wp-json\/wp\/v2\/pages\/1549","targetHints":{"allow":["GET"]}}],"collection":[{"href":"https:\/\/ledr-ingenieria.com\/ca\/wp-json\/wp\/v2\/pages"}],"about":[{"href":"https:\/\/ledr-ingenieria.com\/ca\/wp-json\/wp\/v2\/types\/page"}],"author":[{"embeddable":true,"href":"https:\/\/ledr-ingenieria.com\/ca\/wp-json\/wp\/v2\/users\/1"}],"replies":[{"embeddable":true,"href":"https:\/\/ledr-ingenieria.com\/ca\/wp-json\/wp\/v2\/comments?post=1549"}],"version-history":[{"count":7,"href":"https:\/\/ledr-ingenieria.com\/ca\/wp-json\/wp\/v2\/pages\/1549\/revisions"}],"predecessor-version":[{"id":1699,"href":"https:\/\/ledr-ingenieria.com\/ca\/wp-json\/wp\/v2\/pages\/1549\/revisions\/1699"}],"wp:attachment":[{"href":"https:\/\/ledr-ingenieria.com\/ca\/wp-json\/wp\/v2\/media?parent=1549"}],"curies":[{"name":"wp","href":"https:\/\/api.w.org\/{rel}","templated":true}]}}